{"id":7515,"date":"2025-05-29T10:43:07","date_gmt":"2025-05-29T07:43:07","guid":{"rendered":"https:\/\/endemigoauction.com\/urun\/lot-112-antik-azerbaycan-kaskay-kilimi-120-yas-158-x-186-cm\/"},"modified":"2025-06-01T17:01:10","modified_gmt":"2025-06-01T14:01:10","slug":"lot-112-antik-azerbaycan-kaskay-kilimi-120-yas-158-x-186-cm","status":"publish","type":"product","link":"https:\/\/endemigoauction.com\/en\/urun\/lot-112-antik-azerbaycan-kaskay-kilimi-120-yas-158-x-186-cm\/","title":{"rendered":"LOT.112 Antik Azerbaycan Kaskay Kilimi 120+ Ya\u015f 158 x 186 cm"},"content":{"rendered":"<p><strong>Antik Azerbaycan Kaskay Kilimi 120+ Ya\u015f 158 x 186 cm<\/strong><\/p>\n<p>Antik Ka\u015fkai Kilim Perde \u0130ran\u2019\u0131n k\u00f6kl\u00fc g\u00f6\u00e7ebe topluluklar\u0131ndan Ka\u015fkai boyu taraf\u0131ndan, 20. y\u00fczy\u0131l\u0131n ba\u015flar\u0131nda dokunmu\u015f bu \u00f6zel kilim, 120 y\u0131l\u0131 a\u015fk\u0131n ya\u015f\u0131yla geleneksel el sanatlar\u0131n\u0131n zamana direnen nadir \u00f6rneklerinden biridir. Tamamen y\u00fcn \u00fczerine y\u00fcn, orijinal Kirman ipi ile dokunmu\u015f olmas\u0131, hem dayan\u0131kl\u0131l\u0131\u011f\u0131n\u0131 hem de renk doygunlu\u011funu bug\u00fcn dahi ilk g\u00fcnk\u00fc gibi korumas\u0131n\u0131 sa\u011flam\u0131\u015ft\u0131r.Bu kilim, \u00f6zg\u00fcn \u00e7ubuk desenleriyle, geleneksel Ka\u015fkai dokumac\u0131l\u0131\u011f\u0131n\u0131n estetik anlay\u0131\u015f\u0131n\u0131 yans\u0131t\u0131r.<\/p>\n<p>G\u00f6\u00e7ebe ya\u015fam\u0131n pratik ihtiya\u00e7lar\u0131na yan\u0131t veren bir i\u015flevle tasarlanm\u0131\u015f olup, ge\u00e7mi\u015fte \u00e7ad\u0131r i\u00e7lerinde oda ay\u0131r\u0131c\u0131 perde ya da dolap \u00f6rt\u00fcs\u00fc olarak kullan\u0131lm\u0131\u015ft\u0131r. Ancak bug\u00fcn, hem duvarda dekoratif bir unsur olarak hem de zemin \u00fczerinde klasik bir hal\u0131 gibi kullan\u0131labilecek \u00e7ok y\u00f6nl\u00fc bir yap\u0131ya sahiptir.Kondisyonunun \u00e7ok iyi olmas\u0131, hal\u0131n\u0131n yaln\u0131zca koleksiyonluk de\u011fil, ayn\u0131 zamanda fonksiyonel bir obje olarak da tercih edilmesini m\u00fcmk\u00fcn k\u0131lar. Hem k\u00fclt\u00fcrel bir miras ta\u015f\u0131y\u0131c\u0131s\u0131, hem de estetik de\u011feri y\u00fcksek bir i\u00e7 mek\u00e2n \u00f6\u011fesi olarak bu Ka\u015fkai kilimi, ge\u00e7mi\u015fle bug\u00fcn\u00fc ustal\u0131kla bulu\u015fturan nadide bir par\u00e7ad\u0131r.<\/p>\n","protected":false},"excerpt":{"rendered":"<p><strong>Men\u015fei:<\/strong> \u0130ran &#8211; Ka\u015fkai <strong>Kondisyon:<\/strong> \u00c7ok \u0130yi <strong>Dokuma Materyali ve Teknik:<\/strong> Y\u00fcne Y\u00fcn %100 Kirman ipi <strong>D\u00f6nem-Ya\u015f:<\/strong> 20. Y\u00fczy\u0131l Ba\u015f\u0131 120+ ya\u015f<\/p>\n","protected":false},"featured_media":7516,"comment_status":"closed","ping_status":"closed","template":"","meta":[],"product_brand":[],"product_cat":[336],"product_tag":[395,398,396,399,397,393,394],"class_list":{"0":"post-7515","1":"product","2":"type-product","3":"status-publish","4":"has-post-thumbnail","6":"product_cat-hali-ve-kilim","7":"product_tag-antika-hali","8":"product_tag-antika-hali-muzayedesi","9":"product_tag-antique-rug","10":"product_tag-antique-rug-online-auction","11":"product_tag-endemigo-auction","12":"product_tag-online-auction","13":"product_tag-online-muzayede","15":"first","16":"instock","17":"sold-individually","18":"product-type-auction"},"_links":{"self":[{"href":"https:\/\/endemigoauction.com\/en\/wp-json\/wp\/v2\/product\/7515","targetHints":{"allow":["GET"]}}],"collection":[{"href":"https:\/\/endemigoauction.com\/en\/wp-json\/wp\/v2\/product"}],"about":[{"href":"https:\/\/endemigoauction.com\/en\/wp-json\/wp\/v2\/types\/product"}],"replies":[{"embeddable":true,"href":"https:\/\/endemigoauction.com\/en\/wp-json\/wp\/v2\/comments?post=7515"}],"wp:featuredmedia":[{"embeddable":true,"href":"https:\/\/endemigoauction.com\/en\/wp-json\/wp\/v2\/media\/7516"}],"wp:attachment":[{"href":"https:\/\/endemigoauction.com\/en\/wp-json\/wp\/v2\/media?parent=7515"}],"wp:term":[{"taxonomy":"product_brand","embeddable":true,"href":"https:\/\/endemigoauction.com\/en\/wp-json\/wp\/v2\/product_brand?post=7515"},{"taxonomy":"product_cat","embeddable":true,"href":"https:\/\/endemigoauction.com\/en\/wp-json\/wp\/v2\/product_cat?post=7515"},{"taxonomy":"product_tag","embeddable":true,"href":"https:\/\/endemigoauction.com\/en\/wp-json\/wp\/v2\/product_tag?post=7515"}],"curies":[{"name":"wp","href":"https:\/\/api.w.org\/{rel}","templated":true}]}}