{"id":7512,"date":"2025-05-29T10:43:07","date_gmt":"2025-05-29T07:43:07","guid":{"rendered":"https:\/\/endemigoauction.com\/urun\/lot-113-antik-verne-kilimi-19-yuzyil-96-x-177-cm\/"},"modified":"2025-06-01T17:01:52","modified_gmt":"2025-06-01T14:01:52","slug":"lot-113-antik-verne-kilimi-19-yuzyil-96-x-177-cm","status":"publish","type":"product","link":"https:\/\/endemigoauction.com\/en\/urun\/lot-113-antik-verne-kilimi-19-yuzyil-96-x-177-cm\/","title":{"rendered":"LOT.113 Antik Verne Kilimi 19. Y\u00fczy\u0131l 96 x 177 cm"},"content":{"rendered":"<p><strong>Antik Verne Kilimi 19. Y\u00fczy\u0131l 96 x 177 cm<\/strong><\/p>\n<p>Antik Verne Kilimi yakla\u015f\u0131k 150 ya\u015f\u0131nda, hem cicim hem de sumak teknikleriyle dokunmu\u015f bu Verne kilimi, G\u00fcney Kafkasya dokuma sanat\u0131n\u0131n nadide \u00f6rneklerinden biri olarak \u00f6ne \u00e7\u0131k\u0131yor. Dokuma zemininde kullan\u0131lan k\u0131rm\u0131z\u0131 taban rengi, b\u00f6lgenin k\u00f6k boya gelene\u011fini yans\u0131t\u0131rken, \u00fczerindeki \u00f6rdek ba\u015f\u0131 ye\u015fili, alt\u0131n sar\u0131s\u0131 ve krem tonlar\u0131ndaki i\u015flemeler, kilimin sadece estetik de\u011fil ayn\u0131 zamanda sembolik bir derinli\u011fe sahip oldu\u011funu g\u00f6steriyor.<\/p>\n<p>Bu \u00f6zel Verne kiliminde yer alan tamgalar, g\u00f6\u00e7ebe k\u00fclt\u00fcr\u00fcn haf\u0131zas\u0131n\u0131 ta\u015f\u0131yan simgeler olarak okunabilir. Hayvansal sembollerden soyut geometrik \u015fekillere kadar uzanan bu motifler, yaln\u0131zca s\u00fcsleme de\u011fil, ayn\u0131 zamanda bir anlat\u0131m arac\u0131d\u0131r &#8211; dokuyucusunun ya\u015fad\u0131\u011f\u0131 \u00e7evreyi, inan\u00e7 sistemini ve kimli\u011fini ta\u015f\u0131r.<\/p>\n<p>Kilimin hem sumak hem de cicim tekniklerini bir araya getirerek dokunmu\u015f olmas\u0131, onu yaln\u0131zca nadir de\u011fil, ayn\u0131 zamanda teknik olarak y\u00fcksek ustal\u0131k gerektiren bir eser haline getiriyor. Bu teknik birle\u015fim, dokuman\u0131n y\u00fczeyinde hem kabart\u0131 hem de desen b\u00fct\u00fcnl\u00fc\u011f\u00fc sa\u011flayarak g\u00f6rsel zenginlik kazand\u0131rm\u0131\u015ft\u0131r.<\/p>\n<p>Y\u00fczy\u0131l\u0131 a\u015fan ya\u015f\u0131, sa\u011flam kondisyonu ve g\u00fc\u00e7l\u00fc sembolizmiyle bu Verne kilimi, yaln\u0131zca bir dekoratif unsur de\u011fil, ayn\u0131 zamanda etnografik ve k\u00fclt\u00fcrel bir belge niteli\u011findedir. M\u00fczayede koleksiyonerleri i\u00e7in benzersiz bir f\u0131rsat sunmaktad\u0131r. Kilimin yukar\u0131 k\u0131sm\u0131nda 3 santime 3 santim b\u00fcy\u00fckl\u00fc\u011f\u00fcnde bir yaras\u0131 mevcut. El de\u011fmemi\u015f tamir g\u00f6rmemi\u015ftir. Almak isteyen koleksiyoner istedi\u011fi takdirde orijinaline sad\u0131k \u015fekilde restarasyonunu kolayca yapt\u0131rabilir.<\/p>\n","protected":false},"excerpt":{"rendered":"<p><strong>Men\u015fei:<\/strong> Azerbaycan &#8211; Karaba\u011f <strong>Kondisyon:<\/strong> \u0130yi <strong>Dokuma Materyali ve Teknik:<\/strong> Y\u00fcne Y\u00fcn %100 Kirman ipi <strong>D\u00f6nem-Ya\u015f:<\/strong> 19. Y\u00fczy\u0131l ikinci yar\u0131s\u0131 150+ ya\u015f<\/p>\n","protected":false},"featured_media":7513,"comment_status":"closed","ping_status":"closed","template":"","meta":[],"product_brand":[],"product_cat":[336],"product_tag":[395,398,396,399,397,393,394],"class_list":{"0":"post-7512","1":"product","2":"type-product","3":"status-publish","4":"has-post-thumbnail","6":"product_cat-hali-ve-kilim","7":"product_tag-antika-hali","8":"product_tag-antika-hali-muzayedesi","9":"product_tag-antique-rug","10":"product_tag-antique-rug-online-auction","11":"product_tag-endemigo-auction","12":"product_tag-online-auction","13":"product_tag-online-muzayede","15":"first","16":"instock","17":"sold-individually","18":"product-type-auction"},"_links":{"self":[{"href":"https:\/\/endemigoauction.com\/en\/wp-json\/wp\/v2\/product\/7512","targetHints":{"allow":["GET"]}}],"collection":[{"href":"https:\/\/endemigoauction.com\/en\/wp-json\/wp\/v2\/product"}],"about":[{"href":"https:\/\/endemigoauction.com\/en\/wp-json\/wp\/v2\/types\/product"}],"replies":[{"embeddable":true,"href":"https:\/\/endemigoauction.com\/en\/wp-json\/wp\/v2\/comments?post=7512"}],"wp:featuredmedia":[{"embeddable":true,"href":"https:\/\/endemigoauction.com\/en\/wp-json\/wp\/v2\/media\/7513"}],"wp:attachment":[{"href":"https:\/\/endemigoauction.com\/en\/wp-json\/wp\/v2\/media?parent=7512"}],"wp:term":[{"taxonomy":"product_brand","embeddable":true,"href":"https:\/\/endemigoauction.com\/en\/wp-json\/wp\/v2\/product_brand?post=7512"},{"taxonomy":"product_cat","embeddable":true,"href":"https:\/\/endemigoauction.com\/en\/wp-json\/wp\/v2\/product_cat?post=7512"},{"taxonomy":"product_tag","embeddable":true,"href":"https:\/\/endemigoauction.com\/en\/wp-json\/wp\/v2\/product_tag?post=7512"}],"curies":[{"name":"wp","href":"https:\/\/api.w.org\/{rel}","templated":true}]}}