{"id":7509,"date":"2025-05-29T10:43:07","date_gmt":"2025-05-29T07:43:07","guid":{"rendered":"https:\/\/endemigoauction.com\/urun\/lot-114-antik-kazak-kilimi-100-yas-128-x-176-cm\/"},"modified":"2025-06-01T17:02:39","modified_gmt":"2025-06-01T14:02:39","slug":"lot-114-antik-kazak-kilimi-100-yas-128-x-176-cm","status":"publish","type":"product","link":"https:\/\/endemigoauction.com\/en\/urun\/lot-114-antik-kazak-kilimi-100-yas-128-x-176-cm\/","title":{"rendered":"LOT.114 Antik Kazak Kilimi 100+ Ya\u015f 128 x 176 cm"},"content":{"rendered":"<p><strong>Antik Kazak Kilimi 100+ Ya\u015f 128 x 176 cm<\/strong><\/p>\n<p>Nadir Koleksiyonluk Kazak Kilimi. Kafkasya\u2019n\u0131n g\u00fcneybat\u0131s\u0131nda, g\u00fcn\u00fcm\u00fcz G\u00fcrcistan s\u0131n\u0131rlar\u0131 i\u00e7inde yer alan Kazak b\u00f6lgesinde, 20. y\u00fczy\u0131l\u0131n ba\u015flar\u0131nda tamamen el i\u015f\u00e7ili\u011fiyle dokunmu\u015f bu kilim, geleneksel Kazak hal\u0131c\u0131l\u0131\u011f\u0131n\u0131n t\u00fcm karakteristik unsurlar\u0131n\u0131 ta\u015f\u0131r. Canl\u0131 k\u00f6k boya renkleriyle bezenmi\u015f olan bu kilim, \u00f6zellikle k\u0131rm\u0131z\u0131, lacivert, krem ve alt\u0131n tonlar\u0131n\u0131n g\u00fc\u00e7l\u00fc kontrast\u0131 ile dikkat \u00e7eker. \u0130nce ve sa\u011flam y\u00fcn dokusu, d\u00f6nemin g\u00f6\u00e7ebe ya\u015fam tarz\u0131n\u0131n zarif izlerini ta\u015f\u0131r ve kilimi sadece bir dekorasyon \u00f6\u011fesi de\u011fil, ayn\u0131 zamanda bir dayan\u0131kl\u0131l\u0131k simgesi haline getirir.<\/p>\n<p>Kilim \u00fczerinde g\u00f6r\u00fclen geometrik motifler, Kazak k\u00fclt\u00fcr\u00fcn\u00fcn zengin sembolizmine i\u015faret eder. S\u0131k\u00e7a kar\u015f\u0131la\u015f\u0131lan ko\u00e7boynuzu, bereket sembolleri ve g\u00f6\u00e7ebe tamgalar\u0131, bu eseri yaln\u0131zca bir zanaat \u00fcr\u00fcn\u00fc de\u011fil, ayn\u0131 zamanda bir anlat\u0131 haline getirir. \u0130ki ucu aras\u0131nda g\u00fc\u00e7l\u00fc bir simetri g\u00f6zetilerek dokunmu\u015f olan bu nadide par\u00e7a, Kazak ustalar\u0131n\u0131n estetik ve teknik maharetini g\u00f6zler \u00f6n\u00fcne serer.<\/p>\n<p>Yakla\u015f\u0131k 100 y\u0131l\u0131 a\u015fan ya\u015f\u0131 ve korunmu\u015f kondisyonu sayesinde, bu Kazak kilimi, hem bir k\u00fclt\u00fcr miras\u0131 hem de ciddi koleksiyoncular i\u00e7in zaman \u00fcst\u00fc bir yat\u0131r\u0131m par\u00e7as\u0131d\u0131r. Kafkas hal\u0131 gelene\u011finin g\u00f6rkemli bir \u00f6rne\u011fi olarak, mekanlara yaln\u0131zca renk de\u011fil; tarih, kimlik ve anlam da katar.<\/p>\n<p><em>* \u00c7ok k\u00fc\u00e7\u00fck i\u00e7 k\u0131s\u0131mlar\u0131nda 1-2 santimlik zedelenmi\u015f alanlar\u0131 mevcut.<\/em><\/p>\n","protected":false},"excerpt":{"rendered":"<p><strong>Men\u015fei:<\/strong> Kazakistan &#8211; Kafkas <strong>Kondisyon:<\/strong> \u00c7ok \u0130yi <strong>Dokuma Materyali ve Teknik:<\/strong> Y\u00fcne Y\u00fcn %100 Kirman ipi <strong>D\u00f6nem-Ya\u015f:<\/strong> 20. Y\u00fczy\u0131l Ba\u015f\u0131 100+ ya\u015f<\/p>\n","protected":false},"featured_media":7510,"comment_status":"closed","ping_status":"closed","template":"","meta":[],"product_brand":[],"product_cat":[336],"product_tag":[395,398,396,399,397,393,394],"class_list":{"0":"post-7509","1":"product","2":"type-product","3":"status-publish","4":"has-post-thumbnail","6":"product_cat-hali-ve-kilim","7":"product_tag-antika-hali","8":"product_tag-antika-hali-muzayedesi","9":"product_tag-antique-rug","10":"product_tag-antique-rug-online-auction","11":"product_tag-endemigo-auction","12":"product_tag-online-auction","13":"product_tag-online-muzayede","15":"first","16":"instock","17":"sold-individually","18":"product-type-auction"},"_links":{"self":[{"href":"https:\/\/endemigoauction.com\/en\/wp-json\/wp\/v2\/product\/7509","targetHints":{"allow":["GET"]}}],"collection":[{"href":"https:\/\/endemigoauction.com\/en\/wp-json\/wp\/v2\/product"}],"about":[{"href":"https:\/\/endemigoauction.com\/en\/wp-json\/wp\/v2\/types\/product"}],"replies":[{"embeddable":true,"href":"https:\/\/endemigoauction.com\/en\/wp-json\/wp\/v2\/comments?post=7509"}],"wp:featuredmedia":[{"embeddable":true,"href":"https:\/\/endemigoauction.com\/en\/wp-json\/wp\/v2\/media\/7510"}],"wp:attachment":[{"href":"https:\/\/endemigoauction.com\/en\/wp-json\/wp\/v2\/media?parent=7509"}],"wp:term":[{"taxonomy":"product_brand","embeddable":true,"href":"https:\/\/endemigoauction.com\/en\/wp-json\/wp\/v2\/product_brand?post=7509"},{"taxonomy":"product_cat","embeddable":true,"href":"https:\/\/endemigoauction.com\/en\/wp-json\/wp\/v2\/product_cat?post=7509"},{"taxonomy":"product_tag","embeddable":true,"href":"https:\/\/endemigoauction.com\/en\/wp-json\/wp\/v2\/product_tag?post=7509"}],"curies":[{"name":"wp","href":"https:\/\/api.w.org\/{rel}","templated":true}]}}