{"id":7506,"date":"2025-05-29T10:42:46","date_gmt":"2025-05-29T07:42:46","guid":{"rendered":"https:\/\/endemigoauction.com\/urun\/lot-115-antik-kafkas-verne-cicim-kilim-sofra-parca-19-yuzyil-94-x-102-cm\/"},"modified":"2025-06-01T17:14:41","modified_gmt":"2025-06-01T14:14:41","slug":"lot-115-antik-kafkas-verne-cicim-kilim-sofra-parca-19-yuzyil-94-x-102-cm","status":"publish","type":"product","link":"https:\/\/endemigoauction.com\/en\/urun\/lot-115-antik-kafkas-verne-cicim-kilim-sofra-parca-19-yuzyil-94-x-102-cm\/","title":{"rendered":"LOT.115 Antik Kafkas Verne Cicim Kilim Sofra (Par\u00e7a) 19. Y\u00fczy\u0131l 94 x 102 cm"},"content":{"rendered":"<p><strong>Antik Kafkas Verne Cicim Kilim Sofra (Par\u00e7a) 19. Y\u00fczy\u0131l 94 x 102 cm<\/strong><\/p>\n<p>Antika Kafkas Verne Cicim Kilim, B\u00fcy\u00fck bir kilimden sofra \u00f6l\u00e7ekte kilim olarak kesilerek yap\u0131lm\u0131\u015f. Antika koleksiyonluk muhte\u015fem desen ve k\u00f6k boya renkleri ile g\u00f6z al\u0131c\u0131. Orta k\u0131sm\u0131nda k\u00fc\u00e7\u00fck bir a\u00e7\u0131lma ba\u015flam\u0131\u015f. Cicim desenleri, genel yap\u0131s\u0131 ile patch work ya da anadoluda ki ismi ile k\u0131rk yama bir g\u00f6r\u00fcn\u00fc\u015fe sahip \u00e7ok \u00f6zel bir eser. Tam olarak \u00e7er\u00e7evelenip \u0131\u015f\u0131kland\u0131r\u0131lacak bir dizayna sahip. \u00d6zellikle renkleri ola\u011fan\u00fcst\u00fc kondisyonda.<\/p>\n","protected":false},"excerpt":{"rendered":"<p><strong>Men\u015fei:<\/strong> Azerbaycan &#8211; Kafkas <strong>Kondisyon:<\/strong> \u0130yi <strong>Dokuma Materyali ve Teknik:<\/strong> Y\u00fcne Y\u00fcn %100 Kirman ipi <strong>D\u00f6nem-Ya\u015f:<\/strong> 19. Y\u00fczy\u0131l 150+ ya\u015f<\/p>\n","protected":false},"featured_media":7507,"comment_status":"closed","ping_status":"closed","template":"","meta":[],"product_brand":[],"product_cat":[336],"product_tag":[395,398,396,399,397,393,394],"class_list":{"0":"post-7506","1":"product","2":"type-product","3":"status-publish","4":"has-post-thumbnail","6":"product_cat-hali-ve-kilim","7":"product_tag-antika-hali","8":"product_tag-antika-hali-muzayedesi","9":"product_tag-antique-rug","10":"product_tag-antique-rug-online-auction","11":"product_tag-endemigo-auction","12":"product_tag-online-auction","13":"product_tag-online-muzayede","15":"first","16":"instock","17":"sold-individually","18":"product-type-auction"},"_links":{"self":[{"href":"https:\/\/endemigoauction.com\/en\/wp-json\/wp\/v2\/product\/7506","targetHints":{"allow":["GET"]}}],"collection":[{"href":"https:\/\/endemigoauction.com\/en\/wp-json\/wp\/v2\/product"}],"about":[{"href":"https:\/\/endemigoauction.com\/en\/wp-json\/wp\/v2\/types\/product"}],"replies":[{"embeddable":true,"href":"https:\/\/endemigoauction.com\/en\/wp-json\/wp\/v2\/comments?post=7506"}],"wp:featuredmedia":[{"embeddable":true,"href":"https:\/\/endemigoauction.com\/en\/wp-json\/wp\/v2\/media\/7507"}],"wp:attachment":[{"href":"https:\/\/endemigoauction.com\/en\/wp-json\/wp\/v2\/media?parent=7506"}],"wp:term":[{"taxonomy":"product_brand","embeddable":true,"href":"https:\/\/endemigoauction.com\/en\/wp-json\/wp\/v2\/product_brand?post=7506"},{"taxonomy":"product_cat","embeddable":true,"href":"https:\/\/endemigoauction.com\/en\/wp-json\/wp\/v2\/product_cat?post=7506"},{"taxonomy":"product_tag","embeddable":true,"href":"https:\/\/endemigoauction.com\/en\/wp-json\/wp\/v2\/product_tag?post=7506"}],"curies":[{"name":"wp","href":"https:\/\/api.w.org\/{rel}","templated":true}]}}