{"id":7503,"date":"2025-05-29T10:42:46","date_gmt":"2025-05-29T07:42:46","guid":{"rendered":"https:\/\/endemigoauction.com\/urun\/lot-116-antik-kafkas-kilim-fragman-bezli-19-yuzyil-76-x-180-cm\/"},"modified":"2025-06-01T17:14:18","modified_gmt":"2025-06-01T14:14:18","slug":"lot-116-antik-kafkas-kilim-fragman-bezli-19-yuzyil-76-x-180-cm","status":"publish","type":"product","link":"https:\/\/endemigoauction.com\/en\/urun\/lot-116-antik-kafkas-kilim-fragman-bezli-19-yuzyil-76-x-180-cm\/","title":{"rendered":"LOT.116 Antik Kafkas Kilim Fragman (Bezli) 19. Y\u00fczy\u0131l 76 x 180 cm"},"content":{"rendered":"<p><strong>Antika Kafkas Kilim Fragman (Bezli) 19. Y\u00fczy\u0131l 76 x 180 cm <\/strong><\/p>\n<p>Antika Kafkas Kilim 19. Y\u00fczy\u0131l Kafkas kilim par\u00e7as\u0131, K\u00f6k boya de\u011ferli antika bir kilim eskidik\u00e7e dekoratif bir tasar\u0131ma d\u00f6n\u00fc\u015fm\u00fc\u015f. Profesyonel olarak keten beze dikilen bu antika fragman kilim, duvarlar\u0131, masa \u00fcstlerini s\u00fcslemek i\u00e7in alman\u0131z\u0131 bekliyor.<\/p>\n","protected":false},"excerpt":{"rendered":"<p><strong>Men\u015fei:<\/strong> Azerbaycan \/ Kafkas <strong>Kondisyon:<\/strong> Fragman, Beze Dikili <strong>Dokuma Materyali ve Teknik:<\/strong> Y\u00fcne Y\u00fcn %100 Kirman ipi <strong>D\u00f6nem-Ya\u015f:<\/strong> 19. Y\u00fczy\u0131l 150+ ya\u015f<\/p>\n","protected":false},"featured_media":7504,"comment_status":"closed","ping_status":"closed","template":"","meta":[],"product_brand":[],"product_cat":[336],"product_tag":[395,398,396,399,397,393,394],"class_list":{"0":"post-7503","1":"product","2":"type-product","3":"status-publish","4":"has-post-thumbnail","6":"product_cat-hali-ve-kilim","7":"product_tag-antika-hali","8":"product_tag-antika-hali-muzayedesi","9":"product_tag-antique-rug","10":"product_tag-antique-rug-online-auction","11":"product_tag-endemigo-auction","12":"product_tag-online-auction","13":"product_tag-online-muzayede","15":"first","16":"instock","17":"sold-individually","18":"product-type-auction"},"_links":{"self":[{"href":"https:\/\/endemigoauction.com\/en\/wp-json\/wp\/v2\/product\/7503","targetHints":{"allow":["GET"]}}],"collection":[{"href":"https:\/\/endemigoauction.com\/en\/wp-json\/wp\/v2\/product"}],"about":[{"href":"https:\/\/endemigoauction.com\/en\/wp-json\/wp\/v2\/types\/product"}],"replies":[{"embeddable":true,"href":"https:\/\/endemigoauction.com\/en\/wp-json\/wp\/v2\/comments?post=7503"}],"wp:featuredmedia":[{"embeddable":true,"href":"https:\/\/endemigoauction.com\/en\/wp-json\/wp\/v2\/media\/7504"}],"wp:attachment":[{"href":"https:\/\/endemigoauction.com\/en\/wp-json\/wp\/v2\/media?parent=7503"}],"wp:term":[{"taxonomy":"product_brand","embeddable":true,"href":"https:\/\/endemigoauction.com\/en\/wp-json\/wp\/v2\/product_brand?post=7503"},{"taxonomy":"product_cat","embeddable":true,"href":"https:\/\/endemigoauction.com\/en\/wp-json\/wp\/v2\/product_cat?post=7503"},{"taxonomy":"product_tag","embeddable":true,"href":"https:\/\/endemigoauction.com\/en\/wp-json\/wp\/v2\/product_tag?post=7503"}],"curies":[{"name":"wp","href":"https:\/\/api.w.org\/{rel}","templated":true}]}}