{"id":7500,"date":"2025-05-29T10:42:46","date_gmt":"2025-05-29T07:42:46","guid":{"rendered":"https:\/\/endemigoauction.com\/urun\/lot-117-antik-kafkas-sirvan-mihrapli-fragman-19-yuzyil-72-x-84-cm\/"},"modified":"2025-06-01T17:13:45","modified_gmt":"2025-06-01T14:13:45","slug":"lot-117-antik-kafkas-sirvan-mihrapli-fragman-19-yuzyil-72-x-84-cm","status":"publish","type":"product","link":"https:\/\/endemigoauction.com\/en\/urun\/lot-117-antik-kafkas-sirvan-mihrapli-fragman-19-yuzyil-72-x-84-cm\/","title":{"rendered":"LOT.117 Antik Kafkas \u015eirvan Mihrapl\u0131 Fragman 19. Y\u00fczy\u0131l 72 x 84 cm"},"content":{"rendered":"<p><strong>Antika \u015eirvan Kafkas Hal\u0131s\u0131 Mihrapl\u0131 &#8211; \u00c7ocuk Seccadesi, Mihrapl\u0131, Fragman (Bezli) Kondisyon (c. 1870-1890) 19. Y\u00fczy\u0131l 72 x 84 cm<\/strong><\/p>\n<p>Kafkasya&#8217;n\u0131n en zarif ve sembolik hal\u0131 t\u00fcrlerinden biri olan \u015eirvan hal\u0131lar\u0131, ince y\u00fcn kalitesi, simetrik d\u00fc\u011f\u00fcm tekni\u011fi ve detayl\u0131 geometrik kompozisyonlar\u0131yla d\u00fcnya \u00e7ap\u0131nda koleksiyonerlerin g\u00f6zdesi olmu\u015ftur. Bu \u00f6zel par\u00e7a, 130 ya\u015f\u0131n \u00fczerindeki ge\u00e7mi\u015fiyle, hem tarih\u00ee hem de k\u00fclt\u00fcrel bir belge niteli\u011findedir.<\/p>\n<p>Hal\u0131n\u0131n mihrapl\u0131 yap\u0131s\u0131, onu ibadet ama\u00e7l\u0131 dokunmu\u015f seccadeler aras\u0131nda konumland\u0131r\u0131rken, k\u00fc\u00e7\u00fck boyutu bu eseri nadir k\u0131lan en \u00f6nemli unsurlardan biri haline getirir: \u00e7ocuk seccadesi olarak bilinen bu t\u00fcr, hem i\u015flevsel hem de sembolik de\u011fer ta\u015f\u0131yan \u00e7ok az say\u0131daki \u00f6rnekten biridir. Bu \u00f6l\u00e7ekte ve detayda dokunmu\u015f \u015eirvan hal\u0131lar\u0131na nadiren rastlan\u0131r.<\/p>\n<p>Kenarlarda zamanla olu\u015fmu\u015f eksilmeler, hal\u0131n\u0131n bir k\u0131sm\u0131n\u0131n g\u00fcn\u00fcm\u00fcze fragman kondisyon olarak ula\u015fmas\u0131na sebep olmu\u015f; ancak eser, profesyonel olarak keten beze dikilerek \u00f6zenle stabilize edilmi\u015ftir. Bu m\u00fcdahale, hal\u0131n\u0131n hem estetik b\u00fct\u00fcnl\u00fc\u011f\u00fcn\u00fc korumakta hem de sergilenebilirli\u011fini art\u0131rmaktad\u0131r. Zemin kompozisyonundaki mihrap formu ve bord\u00fcr \u015feritleri, d\u00f6nemin inan\u00e7 ve sanat anlay\u0131\u015f\u0131n\u0131 yans\u0131t\u0131rken; dokuma tekni\u011fi ve kullan\u0131lan do\u011fal k\u00f6k boyalar, hal\u0131n\u0131n otantik karakterini peki\u015ftirir.<\/p>\n<p>Bu e\u015fsiz \u015eirvan fragman\u0131, sadece nadirli\u011fiyle de\u011fil, ayn\u0131 zamanda manevi ve sanatsal dokusuyla da dikkat \u00e7eker. Antika hal\u0131 koleksiyonerleri, etnografik sanat merakl\u0131lar\u0131 ve m\u00fczeciler i\u00e7in ka\u00e7\u0131r\u0131lmayacak, zarif ve anlam y\u00fckl\u00fc bir eserdir.<\/p>\n","protected":false},"excerpt":{"rendered":"<p><strong>Men\u015fei:<\/strong> Azerbaycan \/ \u015eirvan <strong>Kondisyon:<\/strong> Fragman &#8211; Beze Dikili <strong>Dokuma Materyali ve Teknik:<\/strong> Y\u00fcne Y\u00fcn %100 Kirman ipi <strong>D\u00f6nem-Ya\u015f:<\/strong> 19. Y\u00fczy\u0131l Sonu 130+ ya\u015f<\/p>\n","protected":false},"featured_media":7501,"comment_status":"closed","ping_status":"closed","template":"","meta":[],"product_brand":[],"product_cat":[336],"product_tag":[395,398,396,399,397,393,394],"class_list":{"0":"post-7500","1":"product","2":"type-product","3":"status-publish","4":"has-post-thumbnail","6":"product_cat-hali-ve-kilim","7":"product_tag-antika-hali","8":"product_tag-antika-hali-muzayedesi","9":"product_tag-antique-rug","10":"product_tag-antique-rug-online-auction","11":"product_tag-endemigo-auction","12":"product_tag-online-auction","13":"product_tag-online-muzayede","15":"first","16":"instock","17":"sold-individually","18":"product-type-auction"},"_links":{"self":[{"href":"https:\/\/endemigoauction.com\/en\/wp-json\/wp\/v2\/product\/7500","targetHints":{"allow":["GET"]}}],"collection":[{"href":"https:\/\/endemigoauction.com\/en\/wp-json\/wp\/v2\/product"}],"about":[{"href":"https:\/\/endemigoauction.com\/en\/wp-json\/wp\/v2\/types\/product"}],"replies":[{"embeddable":true,"href":"https:\/\/endemigoauction.com\/en\/wp-json\/wp\/v2\/comments?post=7500"}],"wp:featuredmedia":[{"embeddable":true,"href":"https:\/\/endemigoauction.com\/en\/wp-json\/wp\/v2\/media\/7501"}],"wp:attachment":[{"href":"https:\/\/endemigoauction.com\/en\/wp-json\/wp\/v2\/media?parent=7500"}],"wp:term":[{"taxonomy":"product_brand","embeddable":true,"href":"https:\/\/endemigoauction.com\/en\/wp-json\/wp\/v2\/product_brand?post=7500"},{"taxonomy":"product_cat","embeddable":true,"href":"https:\/\/endemigoauction.com\/en\/wp-json\/wp\/v2\/product_cat?post=7500"},{"taxonomy":"product_tag","embeddable":true,"href":"https:\/\/endemigoauction.com\/en\/wp-json\/wp\/v2\/product_tag?post=7500"}],"curies":[{"name":"wp","href":"https:\/\/api.w.org\/{rel}","templated":true}]}}