{"id":7497,"date":"2025-05-29T10:42:46","date_gmt":"2025-05-29T07:42:46","guid":{"rendered":"https:\/\/endemigoauction.com\/urun\/lot-118-antik-sivas-divrigi-mihrapli-hali-19-yuzyil-basi-106-x-138-cm\/"},"modified":"2025-06-01T17:13:03","modified_gmt":"2025-06-01T14:13:03","slug":"lot-118-antik-sivas-divrigi-mihrapli-hali-19-yuzyil-basi-106-x-138-cm","status":"publish","type":"product","link":"https:\/\/endemigoauction.com\/en\/urun\/lot-118-antik-sivas-divrigi-mihrapli-hali-19-yuzyil-basi-106-x-138-cm\/","title":{"rendered":"LOT.118 Antik Sivas Divri\u011fi Mihrapl\u0131 Hal\u0131 19. Y\u00fczy\u0131l Ba\u015f\u0131 106 x 138 cm"},"content":{"rendered":"<p><strong>Antik Sivas Divri\u011fi Mihrapl\u0131 Hal\u0131 19. Y\u00fczy\u0131l Ba\u015f\u0131 106 x 138 cm<\/strong><\/p>\n<p>Antika Sivas Divri\u011fi Hal\u0131s\u0131, 200 ya\u015f\u0131nda bir \u015faheser, otantikli\u011fi ya\u015f\u0131 ile birlikte \u00fcst seviyeye ula\u015fm\u0131\u015f Sivas&#8217;\u0131n en g\u00fczel k\u00f6y-a\u015firet dokumalar\u0131 nadir \u00f6rneklerinden biri kar\u015f\u0131n\u0131zda. Tribal mihrap i\u00e7i tamgalar\u0131, renkleri, eskili\u011fi izleyeni kendine \u00e7ekiyor. Hal\u0131n\u0131n bir ka\u00e7 yerinde ufak k\u0131r\u0131klar mevcut, y\u00fcn kondisyonu ya\u015f\u0131na g\u00f6re olduk\u00e7a iyi, ba\u015flar\u0131nda ise ya\u015ftan dolay\u0131 olu\u015fmu\u015f e\u011fimler antikli\u011fine de\u011fer kat\u0131yor.<\/p>\n","protected":false},"excerpt":{"rendered":"<p><strong>Men\u015fei:<\/strong> T\u00fcrkiye \/ Sivas-Divri\u011fi <strong>Kondisyon:<\/strong> \u00c7ok \u0130yi <strong>Dokuma Materyali ve Teknik:<\/strong> Y\u00fcne Y\u00fcn %100 Kirman ipi <strong>D\u00f6nem-Ya\u015f:<\/strong> 19. Y\u00fczy\u0131l Ba\u015f\u0131 200+ ya\u015f<\/p>\n","protected":false},"featured_media":7498,"comment_status":"closed","ping_status":"closed","template":"","meta":[],"product_brand":[],"product_cat":[336],"product_tag":[395,398,396,399,397,393,394],"class_list":{"0":"post-7497","1":"product","2":"type-product","3":"status-publish","4":"has-post-thumbnail","6":"product_cat-hali-ve-kilim","7":"product_tag-antika-hali","8":"product_tag-antika-hali-muzayedesi","9":"product_tag-antique-rug","10":"product_tag-antique-rug-online-auction","11":"product_tag-endemigo-auction","12":"product_tag-online-auction","13":"product_tag-online-muzayede","15":"first","16":"instock","17":"sold-individually","18":"product-type-auction"},"_links":{"self":[{"href":"https:\/\/endemigoauction.com\/en\/wp-json\/wp\/v2\/product\/7497","targetHints":{"allow":["GET"]}}],"collection":[{"href":"https:\/\/endemigoauction.com\/en\/wp-json\/wp\/v2\/product"}],"about":[{"href":"https:\/\/endemigoauction.com\/en\/wp-json\/wp\/v2\/types\/product"}],"replies":[{"embeddable":true,"href":"https:\/\/endemigoauction.com\/en\/wp-json\/wp\/v2\/comments?post=7497"}],"wp:featuredmedia":[{"embeddable":true,"href":"https:\/\/endemigoauction.com\/en\/wp-json\/wp\/v2\/media\/7498"}],"wp:attachment":[{"href":"https:\/\/endemigoauction.com\/en\/wp-json\/wp\/v2\/media?parent=7497"}],"wp:term":[{"taxonomy":"product_brand","embeddable":true,"href":"https:\/\/endemigoauction.com\/en\/wp-json\/wp\/v2\/product_brand?post=7497"},{"taxonomy":"product_cat","embeddable":true,"href":"https:\/\/endemigoauction.com\/en\/wp-json\/wp\/v2\/product_cat?post=7497"},{"taxonomy":"product_tag","embeddable":true,"href":"https:\/\/endemigoauction.com\/en\/wp-json\/wp\/v2\/product_tag?post=7497"}],"curies":[{"name":"wp","href":"https:\/\/api.w.org\/{rel}","templated":true}]}}