{"id":7494,"date":"2025-05-29T10:42:46","date_gmt":"2025-05-29T07:42:46","guid":{"rendered":"https:\/\/endemigoauction.com\/urun\/lot-119-antik-hakkari-herki-cift-kapili-hali-100-yas-95-x-195-cm\/"},"modified":"2025-06-01T17:12:21","modified_gmt":"2025-06-01T14:12:21","slug":"lot-119-antik-hakkari-herki-cift-kapili-hali-100-yas-95-x-195-cm","status":"publish","type":"product","link":"https:\/\/endemigoauction.com\/en\/urun\/lot-119-antik-hakkari-herki-cift-kapili-hali-100-yas-95-x-195-cm\/","title":{"rendered":"LOT.119 Antik Hakkari Herki \u00c7ift Kap\u0131l\u0131 Hal\u0131 100+ Ya\u015f 95 x 195 cm"},"content":{"rendered":"<p><strong>Antik Hakkari Herki \u00c7ift Kap\u0131l\u0131 Hal\u0131 100+ Ya\u015f 95 x 195 cm (1920\u2019ler)<\/strong><\/p>\n<p>Do\u011fu Anadolu\u2019nun en kadim hal\u0131c\u0131l\u0131k merkezlerinden biri olan Hakkari b\u00f6lgesi, y\u00fczy\u0131llard\u0131r g\u00f6\u00e7ebe topluluklar\u0131n k\u00fclt\u00fcr\u00fcn\u00fc dokuma sanat\u0131yla birle\u015ftiren e\u015fsiz hal\u0131lara ev sahipli\u011fi yapm\u0131\u015ft\u0131r. Bu \u00f6zel par\u00e7a, b\u00f6lgenin en sayg\u0131n dokuma geleneklerinden biri olan Herki hal\u0131s\u0131d\u0131r. Yakla\u015f\u0131k 100 ya\u015f\u0131nda olan bu hal\u0131, yaln\u0131zca i\u015f\u00e7ilik kalitesiyle de\u011fil, ta\u015f\u0131d\u0131\u011f\u0131 sembolik anlat\u0131m\u0131yla da \u00f6ne \u00e7\u0131kar.<\/p>\n<p>Hal\u0131n\u0131n en dikkat \u00e7ekici \u00f6zelli\u011fi, Anadolu\u2019da nadiren rastlanan yan yana uzanan \u00e7ift kap\u0131l\u0131 g\u00f6bek tasar\u0131m\u0131d\u0131r. Bu t\u00fcr hal\u0131lar, y\u00f6rede \u201c\u00e7ift kap\u0131l\u0131\u201d olarak adland\u0131r\u0131l\u0131r ve geleneksel olarak ge\u00e7i\u015f, koruma ve kutsal alanlara a\u00e7\u0131lan yollar\u0131 simgeler. G\u00f6bekler, sadece kompozisyonel bir merkez de\u011fil; ayn\u0131 zamanda rit\u00fcel ve kozmik anlamlar\u0131n ta\u015f\u0131y\u0131c\u0131s\u0131d\u0131r.<\/p>\n<p>Hal\u0131 zemininde ve bord\u00fcrlerinde yer alan ilkel T\u00fcrk tamgalar\u0131, Herki a\u015firetinin g\u00f6\u00e7ebe kimli\u011fini ve O\u011fuz-T\u00fcrk sembol gelene\u011fini a\u00e7\u0131k bi\u00e7imde yans\u0131t\u0131r. Bu semboller, bir anlamda hal\u0131n\u0131n dili olup, ge\u00e7mi\u015fle g\u00fcn\u00fcm\u00fcz aras\u0131nda bir k\u00f6pr\u00fc g\u00f6revi g\u00f6r\u00fcr. Kullan\u0131lan y\u00fcn, d\u00f6nemin karakterine uygun bi\u00e7imde tamamen elden e\u011frilmi\u015f, do\u011fal boyal\u0131 ve ola\u011fan\u00fcst\u00fc kondisyonuyla bug\u00fcn h\u00e2l\u00e2 ilk g\u00fcnk\u00fc yumu\u015fakl\u0131\u011f\u0131n\u0131 ve canl\u0131l\u0131\u011f\u0131n\u0131 korumaktad\u0131r.<\/p>\n<p>Koleksiyon de\u011feri son derece y\u00fcksek olan bu hal\u0131, sadece g\u00f6rsel bir zenginlik de\u011fil; ayn\u0131 zamanda bir halk\u0131n haf\u0131zas\u0131n\u0131, ruhunu ve estetik kodlar\u0131n\u0131 bar\u0131nd\u0131ran nadide bir k\u00fclt\u00fcr miras\u0131d\u0131r. Bu \u00f6zel par\u00e7a, hem koleksiyonerler hem de etnografik sanat tutkunu al\u0131c\u0131lar i\u00e7in e\u015fsiz bir koleksiyon hal\u0131s\u0131d\u0131r.<\/p>\n","protected":false},"excerpt":{"rendered":"<p><strong>Men\u015fei:<\/strong> T\u00fcrkiye \/ Hakkari <strong>Kondisyon:<\/strong> Ola\u011fan\u00fcst\u00fc <strong>Dokuma Materyali ve Teknik:<\/strong> Y\u00fcne Y\u00fcn %100 Kirman ipi <strong>D\u00f6nem-Ya\u015f:<\/strong> 20. Y\u00fczy\u0131l ba\u015f\u0131 100+ ya\u015f<\/p>\n","protected":false},"featured_media":7495,"comment_status":"closed","ping_status":"closed","template":"","meta":[],"product_brand":[],"product_cat":[336],"product_tag":[395,398,396,399,397,393,394],"class_list":{"0":"post-7494","1":"product","2":"type-product","3":"status-publish","4":"has-post-thumbnail","6":"product_cat-hali-ve-kilim","7":"product_tag-antika-hali","8":"product_tag-antika-hali-muzayedesi","9":"product_tag-antique-rug","10":"product_tag-antique-rug-online-auction","11":"product_tag-endemigo-auction","12":"product_tag-online-auction","13":"product_tag-online-muzayede","15":"first","16":"instock","17":"sold-individually","18":"product-type-auction"},"_links":{"self":[{"href":"https:\/\/endemigoauction.com\/en\/wp-json\/wp\/v2\/product\/7494","targetHints":{"allow":["GET"]}}],"collection":[{"href":"https:\/\/endemigoauction.com\/en\/wp-json\/wp\/v2\/product"}],"about":[{"href":"https:\/\/endemigoauction.com\/en\/wp-json\/wp\/v2\/types\/product"}],"replies":[{"embeddable":true,"href":"https:\/\/endemigoauction.com\/en\/wp-json\/wp\/v2\/comments?post=7494"}],"wp:featuredmedia":[{"embeddable":true,"href":"https:\/\/endemigoauction.com\/en\/wp-json\/wp\/v2\/media\/7495"}],"wp:attachment":[{"href":"https:\/\/endemigoauction.com\/en\/wp-json\/wp\/v2\/media?parent=7494"}],"wp:term":[{"taxonomy":"product_brand","embeddable":true,"href":"https:\/\/endemigoauction.com\/en\/wp-json\/wp\/v2\/product_brand?post=7494"},{"taxonomy":"product_cat","embeddable":true,"href":"https:\/\/endemigoauction.com\/en\/wp-json\/wp\/v2\/product_cat?post=7494"},{"taxonomy":"product_tag","embeddable":true,"href":"https:\/\/endemigoauction.com\/en\/wp-json\/wp\/v2\/product_tag?post=7494"}],"curies":[{"name":"wp","href":"https:\/\/api.w.org\/{rel}","templated":true}]}}