{"id":7491,"date":"2025-05-29T10:42:46","date_gmt":"2025-05-29T07:42:46","guid":{"rendered":"https:\/\/endemigoauction.com\/urun\/lot-120-antik-odemis-bozdag-yastik-hali-19-yuzyil-sonu-60-x-90-cm\/"},"modified":"2025-06-01T17:11:49","modified_gmt":"2025-06-01T14:11:49","slug":"lot-120-antik-odemis-bozdag-yastik-hali-19-yuzyil-sonu-60-x-90-cm","status":"publish","type":"product","link":"https:\/\/endemigoauction.com\/en\/urun\/lot-120-antik-odemis-bozdag-yastik-hali-19-yuzyil-sonu-60-x-90-cm\/","title":{"rendered":"LOT.120 Antik \u00d6demi\u015f Bozda\u011f Yast\u0131k Hal\u0131 19. Y\u00fczy\u0131l Sonu 60 x 90 cm"},"content":{"rendered":"<p><strong>Antik \u00d6demi\u015f Bozda\u011f Yast\u0131k Hal\u0131 19. Y\u00fczy\u0131l Sonu 60 x 90 cm<\/strong><\/p>\n<p>Antik \u00d6demi\u015f Bozda\u011f Yast\u0131k, Renkleri ve desenleri \u00f6ne \u00e7\u0131kan \u00d6demi\u015f Yast\u0131\u011f\u0131 kar\u015f\u0131n\u0131zda. 20. y\u00fczy\u0131l\u0131n ilk \u00e7eyre\u011finde dokunmu\u015f, bak\u0131mlar\u0131 yap\u0131lm\u0131\u015f kullan\u0131ma haz\u0131r, koleksiyonluk antika bir sanat eseri.<\/p>\n","protected":false},"excerpt":{"rendered":"<p><strong>Men\u015fei:<\/strong> T\u00fcrkiye \/ \u0130zmir <strong>Kondisyon:<\/strong> Ola\u011fan\u00fcst\u00fc <strong>Dokuma Materyali ve Teknik:<\/strong> Y\u00fcne Y\u00fcn %100 Kirman ipi <strong>D\u00f6nem-Ya\u015f:<\/strong> 19. Y\u00fczy\u0131l Sonu 130+ ya\u015f<\/p>\n","protected":false},"featured_media":7492,"comment_status":"closed","ping_status":"closed","template":"","meta":[],"product_brand":[],"product_cat":[336],"product_tag":[395,398,396,399,397,393,394],"class_list":{"0":"post-7491","1":"product","2":"type-product","3":"status-publish","4":"has-post-thumbnail","6":"product_cat-hali-ve-kilim","7":"product_tag-antika-hali","8":"product_tag-antika-hali-muzayedesi","9":"product_tag-antique-rug","10":"product_tag-antique-rug-online-auction","11":"product_tag-endemigo-auction","12":"product_tag-online-auction","13":"product_tag-online-muzayede","15":"first","16":"instock","17":"sold-individually","18":"product-type-auction"},"_links":{"self":[{"href":"https:\/\/endemigoauction.com\/en\/wp-json\/wp\/v2\/product\/7491","targetHints":{"allow":["GET"]}}],"collection":[{"href":"https:\/\/endemigoauction.com\/en\/wp-json\/wp\/v2\/product"}],"about":[{"href":"https:\/\/endemigoauction.com\/en\/wp-json\/wp\/v2\/types\/product"}],"replies":[{"embeddable":true,"href":"https:\/\/endemigoauction.com\/en\/wp-json\/wp\/v2\/comments?post=7491"}],"wp:featuredmedia":[{"embeddable":true,"href":"https:\/\/endemigoauction.com\/en\/wp-json\/wp\/v2\/media\/7492"}],"wp:attachment":[{"href":"https:\/\/endemigoauction.com\/en\/wp-json\/wp\/v2\/media?parent=7491"}],"wp:term":[{"taxonomy":"product_brand","embeddable":true,"href":"https:\/\/endemigoauction.com\/en\/wp-json\/wp\/v2\/product_brand?post=7491"},{"taxonomy":"product_cat","embeddable":true,"href":"https:\/\/endemigoauction.com\/en\/wp-json\/wp\/v2\/product_cat?post=7491"},{"taxonomy":"product_tag","embeddable":true,"href":"https:\/\/endemigoauction.com\/en\/wp-json\/wp\/v2\/product_tag?post=7491"}],"curies":[{"name":"wp","href":"https:\/\/api.w.org\/{rel}","templated":true}]}}