{"id":7488,"date":"2025-05-29T10:42:46","date_gmt":"2025-05-29T07:42:46","guid":{"rendered":"https:\/\/endemigoauction.com\/urun\/lot-121-antik-avsar-halisi-19-yuzyil-basi-140-x-173-cm\/"},"modified":"2025-06-01T17:11:17","modified_gmt":"2025-06-01T14:11:17","slug":"lot-121-antik-avsar-halisi-19-yuzyil-basi-140-x-173-cm","status":"publish","type":"product","link":"https:\/\/endemigoauction.com\/en\/urun\/lot-121-antik-avsar-halisi-19-yuzyil-basi-140-x-173-cm\/","title":{"rendered":"LOT.121 Antik Av\u015far Hal\u0131s\u0131 19. Y\u00fczy\u0131l Ba\u015f\u0131 140 x 173 cm"},"content":{"rendered":"<p><strong>Antik Av\u015far Hal\u0131s\u0131 19. Y\u00fczy\u0131l Ba\u015f\u0131 140 x 173 cm<\/strong><\/p>\n<p>\u0130ran\u2019\u0131n g\u00fcneybat\u0131s\u0131nda, \u00f6zellikle Kirman, \u015eiraz ve \u0130ran Yaylalar\u0131 \u00e7evresinde g\u00f6\u00e7ebe olarak ya\u015fam\u0131\u015f Av\u015far T\u00fcrkleri, hal\u0131 sanat\u0131n\u0131n en \u00f6zg\u00fcn \u00f6rneklerinden birini ortaya koymu\u015ftur. Elimizdeki bu yakla\u015f\u0131k 200 y\u0131ll\u0131k otantik Av\u015far hal\u0131s\u0131, bu k\u00fclt\u00fcrel miras\u0131n nadide bir temsilcisidir.<\/p>\n<p>Hal\u0131n\u0131n krem zemin \u00fczerine serpi\u015ftirilmi\u015f ince i\u015flenmi\u015f \u015fal (boteh) motifleri, d\u00f6nemin hem estetik anlay\u0131\u015f\u0131n\u0131 hem de simgesel derinli\u011fini yans\u0131tmaktad\u0131r. Boteh, \u0130ran ve T\u00fcrk hal\u0131 sanat\u0131nda hayat, bereket ve sonsuzluk anlamlar\u0131n\u0131 ta\u015f\u0131yan kadim bir motiftir. Hal\u0131n\u0131n ortas\u0131nda yer alan, dikkat \u00e7ekici bir bi\u00e7imde i\u015flenmi\u015f ha\u00e7 bi\u00e7imli madalyon ise sadece geometrik bir \u00f6\u011fe de\u011fil, ayn\u0131 zamanda do\u011fu-bat\u0131 sentezini temsil eden bir g\u00fc\u00e7 simgesidir. Kadim zamanlarda g\u00fcne\u015fin ruhunu betimleyen motif u\u00e7larda gotik m\u0131zrak ucuyla etkisini artt\u0131r\u0131rken hal\u0131ya bir asalette kat\u0131yor. Kenar bord\u00fcrlerin i\u00e7 k\u0131sm\u0131nda gemi dalgas\u0131, su yolu ya da zaman\u0131n ak\u0131\u015f\u0131n\u0131 betimleyen motif hal\u0131n\u0131n zamans\u0131z tasar\u0131m\u0131n\u0131 izleyenler a\u00e7\u0131s\u0131ndan i\u00e7selle\u015ftiriyor.<\/p>\n<p>Kullan\u0131lan iplikler, tamamen k\u00f6k boyal\u0131 do\u011fal y\u00fcn olup, ya\u015f\u0131na ra\u011fmen rengini ve dokusunu ola\u011fan\u00fcst\u00fc derecede muhafaza etmi\u015ftir. Yumu\u015fak dokumas\u0131 ve zengin bord\u00fcr kompozisyonlar\u0131 ile bu hal\u0131, yaln\u0131zca g\u00f6\u00e7ebe hal\u0131c\u0131l\u0131\u011f\u0131n ustal\u0131k seviyesini de\u011fil, ayn\u0131 zamanda sanat tarihine \u0131\u015f\u0131k tutan bir koleksiyon de\u011feri de ta\u015f\u0131r.<\/p>\n<p>Bu hal\u0131, bir ya\u015fam alan\u0131n\u0131 g\u00fczelle\u015ftirmekten \u00f6te, tarihi evinize ta\u015f\u0131yan bir eserdir. Nadir bulunur kondisyonu, estetik dengesi ve etnografik \u00f6zg\u00fcnl\u00fc\u011f\u00fcyle, koleksiyonerlerin ilgisini \u00e7ekecek d\u00fczeyde e\u015fsiz bir par\u00e7ad\u0131r.<\/p>\n","protected":false},"excerpt":{"rendered":"<p><strong>Men\u015fei:<\/strong> \u0130ran \/ Av\u015far <strong>Kondisyon:<\/strong> \u00c7ok \u0130yi <strong>Dokuma Materyali ve Teknik:<\/strong> Y\u00fcne Y\u00fcn %100 Kirman ipi <strong>D\u00f6nem-Ya\u015f:<\/strong> 19. Y\u00fczy\u0131l \u0130lk Yar\u0131 200+ ya\u015f<\/p>\n","protected":false},"featured_media":7489,"comment_status":"closed","ping_status":"closed","template":"","meta":[],"product_brand":[],"product_cat":[336],"product_tag":[395,398,396,399,397,393,394],"class_list":{"0":"post-7488","1":"product","2":"type-product","3":"status-publish","4":"has-post-thumbnail","6":"product_cat-hali-ve-kilim","7":"product_tag-antika-hali","8":"product_tag-antika-hali-muzayedesi","9":"product_tag-antique-rug","10":"product_tag-antique-rug-online-auction","11":"product_tag-endemigo-auction","12":"product_tag-online-auction","13":"product_tag-online-muzayede","15":"first","16":"instock","17":"sold-individually","18":"product-type-auction"},"_links":{"self":[{"href":"https:\/\/endemigoauction.com\/en\/wp-json\/wp\/v2\/product\/7488","targetHints":{"allow":["GET"]}}],"collection":[{"href":"https:\/\/endemigoauction.com\/en\/wp-json\/wp\/v2\/product"}],"about":[{"href":"https:\/\/endemigoauction.com\/en\/wp-json\/wp\/v2\/types\/product"}],"replies":[{"embeddable":true,"href":"https:\/\/endemigoauction.com\/en\/wp-json\/wp\/v2\/comments?post=7488"}],"wp:featuredmedia":[{"embeddable":true,"href":"https:\/\/endemigoauction.com\/en\/wp-json\/wp\/v2\/media\/7489"}],"wp:attachment":[{"href":"https:\/\/endemigoauction.com\/en\/wp-json\/wp\/v2\/media?parent=7488"}],"wp:term":[{"taxonomy":"product_brand","embeddable":true,"href":"https:\/\/endemigoauction.com\/en\/wp-json\/wp\/v2\/product_brand?post=7488"},{"taxonomy":"product_cat","embeddable":true,"href":"https:\/\/endemigoauction.com\/en\/wp-json\/wp\/v2\/product_cat?post=7488"},{"taxonomy":"product_tag","embeddable":true,"href":"https:\/\/endemigoauction.com\/en\/wp-json\/wp\/v2\/product_tag?post=7488"}],"curies":[{"name":"wp","href":"https:\/\/api.w.org\/{rel}","templated":true}]}}