{"id":7485,"date":"2025-05-29T10:42:46","date_gmt":"2025-05-29T07:42:46","guid":{"rendered":"https:\/\/endemigoauction.com\/urun\/lot-122-antik-kula-halisi-120-yas-165-x-133-cm\/"},"modified":"2025-06-01T17:10:32","modified_gmt":"2025-06-01T14:10:32","slug":"lot-122-antik-kula-halisi-120-yas-165-x-133-cm","status":"publish","type":"product","link":"https:\/\/endemigoauction.com\/en\/urun\/lot-122-antik-kula-halisi-120-yas-165-x-133-cm\/","title":{"rendered":"LOT.122 Antik Kula Hal\u0131s\u0131 120+ Ya\u015f 165 x 133 cm"},"content":{"rendered":"<p><strong>Antik Kula Hal\u0131s\u0131 120+ Ya\u015f 165 x 133 cm<\/strong><\/p>\n<p>Antik Kula Hal\u0131s\u0131, \u00c7ift mihrapl\u0131 dedi\u011fimiz tarzda orta g\u00f6be\u011fi, mor rengin tonlar\u0131 ile bezenmi\u015f motifleri klasik bir Kula hal\u0131s\u0131n\u0131n bize t\u00fcm duygular\u0131n\u0131 aktar\u0131yor. Kula Hal\u0131lar\u0131n\u0131n bu renklerde dokunanlar\u0131 \u00f6zellikle Krallar\u0131n ve patrikhanenin saraylar\u0131nda kullan\u0131lan renklerdir. Kondisyonu ya\u015f\u0131na g\u00f6re olduk\u00e7a y\u00fcksek.<\/p>\n","protected":false},"excerpt":{"rendered":"<p><strong>Men\u015fei:<\/strong> T\u00fcrkiye \/ Manisa, Kula <strong>Kondisyon:<\/strong> \u00c7ok \u0130yi <strong>Dokuma Materyali ve Teknik:<\/strong> Y\u00fcne Y\u00fcn %100 Kirman ipi <strong>D\u00f6nem-Ya\u015f:<\/strong> 20. Y\u00fczy\u0131l Ba\u015f\u0131 120+ ya\u015f<\/p>\n","protected":false},"featured_media":7486,"comment_status":"closed","ping_status":"closed","template":"","meta":[],"product_brand":[],"product_cat":[336],"product_tag":[395,398,396,399,397,393,394],"class_list":{"0":"post-7485","1":"product","2":"type-product","3":"status-publish","4":"has-post-thumbnail","6":"product_cat-hali-ve-kilim","7":"product_tag-antika-hali","8":"product_tag-antika-hali-muzayedesi","9":"product_tag-antique-rug","10":"product_tag-antique-rug-online-auction","11":"product_tag-endemigo-auction","12":"product_tag-online-auction","13":"product_tag-online-muzayede","15":"first","16":"instock","17":"sold-individually","18":"product-type-auction"},"_links":{"self":[{"href":"https:\/\/endemigoauction.com\/en\/wp-json\/wp\/v2\/product\/7485","targetHints":{"allow":["GET"]}}],"collection":[{"href":"https:\/\/endemigoauction.com\/en\/wp-json\/wp\/v2\/product"}],"about":[{"href":"https:\/\/endemigoauction.com\/en\/wp-json\/wp\/v2\/types\/product"}],"replies":[{"embeddable":true,"href":"https:\/\/endemigoauction.com\/en\/wp-json\/wp\/v2\/comments?post=7485"}],"wp:featuredmedia":[{"embeddable":true,"href":"https:\/\/endemigoauction.com\/en\/wp-json\/wp\/v2\/media\/7486"}],"wp:attachment":[{"href":"https:\/\/endemigoauction.com\/en\/wp-json\/wp\/v2\/media?parent=7485"}],"wp:term":[{"taxonomy":"product_brand","embeddable":true,"href":"https:\/\/endemigoauction.com\/en\/wp-json\/wp\/v2\/product_brand?post=7485"},{"taxonomy":"product_cat","embeddable":true,"href":"https:\/\/endemigoauction.com\/en\/wp-json\/wp\/v2\/product_cat?post=7485"},{"taxonomy":"product_tag","embeddable":true,"href":"https:\/\/endemigoauction.com\/en\/wp-json\/wp\/v2\/product_tag?post=7485"}],"curies":[{"name":"wp","href":"https:\/\/api.w.org\/{rel}","templated":true}]}}