{"id":7482,"date":"2025-05-29T10:42:46","date_gmt":"2025-05-29T07:42:46","guid":{"rendered":"https:\/\/endemigoauction.com\/urun\/lot-123-antik-sari-sulu-kula-halisi-100-yas-166-x-147-cm\/"},"modified":"2025-06-21T21:55:27","modified_gmt":"2025-06-21T18:55:27","slug":"lot-123-antik-sari-sulu-kula-halisi-100-yas-166-x-147-cm","status":"publish","type":"product","link":"https:\/\/endemigoauction.com\/en\/urun\/lot-123-antik-sari-sulu-kula-halisi-100-yas-166-x-147-cm\/","title":{"rendered":"LOT.123 Antik Sar\u0131 Sulu Kula Hal\u0131s\u0131 100+ Ya\u015f 166 x 147 cm"},"content":{"rendered":"<p><strong>Antik Sar\u0131 Sulu Kula Hal\u0131s\u0131 100+ Ya\u015f 166 x 147 cm<\/strong><\/p>\n<p>Antik Sar\u0131 Sulu Kula Hal\u0131s\u0131, Kula hal\u0131s\u0131n\u0131n 18. y\u00fczy\u0131ldan g\u00fcn\u00fcm\u00fcze saraylardan, kiliselere, malikanelerden, \u015fatolara avrupan\u0131n aristokrasisinin en \u00e7ok arad\u0131\u011f\u0131 hal\u0131 diyebiliriz. \u00d6zellikle lale, karanfil, servi, hayat a\u011fac\u0131, y\u0131ld\u0131z gibi geleneksel T\u00fcrk motifleriyle bezeli olmalar\u0131, Kula hal\u0131lar\u0131na hem sanatsal hem de sembolik bir zenginlik kazand\u0131rd\u0131. D\u00fcnyada koleksiyonerlerin \u00f6zellikle arad\u0131\u011f\u0131 sar\u0131 bord\u00fcrl\u00fc Kula Hal\u0131lar\u0131 etraf\u0131 \u0131\u015f\u0131kla \u00e7evrilmi\u015f i\u00e7i yanan renklerle dokunmu\u015f e\u015fsiz bir sanat eseri sunuyor bizlere. Kondisyon a\u00e7\u0131s\u0131ndan, ba\u015f ve sonlar\u0131nda kenar k\u0131s\u0131mlar\u0131nda erimeler, i\u00e7 b\u00f6lgelerinde hav azalma noktalar\u0131 mevcut. Eskili\u011fi, b\u00fct\u00fcnl\u00fc\u011f\u00fc ve antika \u00f6zelliklerinden kaybetmemi\u015f.<\/p>\n","protected":false},"excerpt":{"rendered":"<p><strong>Men\u015fei:<\/strong> T\u00fcrkiye \/ Manisa, Kula <strong>Kondisyon:<\/strong> \u00c7ok iyi <strong>Dokuma Materyali ve Teknik:<\/strong> Y\u00fcne Y\u00fcn %100 Kirman ipi <strong>D\u00f6nem-Ya\u015f:<\/strong> 19. Y\u00fczy\u0131l Sonu, 100+ ya\u015f<\/p>\n","protected":false},"featured_media":7483,"comment_status":"closed","ping_status":"closed","template":"","meta":[],"product_brand":[],"product_cat":[336],"product_tag":[395,398,396,399,397,393,394],"class_list":{"0":"post-7482","1":"product","2":"type-product","3":"status-publish","4":"has-post-thumbnail","6":"product_cat-hali-ve-kilim","7":"product_tag-antika-hali","8":"product_tag-antika-hali-muzayedesi","9":"product_tag-antique-rug","10":"product_tag-antique-rug-online-auction","11":"product_tag-endemigo-auction","12":"product_tag-online-auction","13":"product_tag-online-muzayede","15":"first","16":"instock","17":"sold-individually","18":"product-type-auction"},"_links":{"self":[{"href":"https:\/\/endemigoauction.com\/en\/wp-json\/wp\/v2\/product\/7482","targetHints":{"allow":["GET"]}}],"collection":[{"href":"https:\/\/endemigoauction.com\/en\/wp-json\/wp\/v2\/product"}],"about":[{"href":"https:\/\/endemigoauction.com\/en\/wp-json\/wp\/v2\/types\/product"}],"replies":[{"embeddable":true,"href":"https:\/\/endemigoauction.com\/en\/wp-json\/wp\/v2\/comments?post=7482"}],"wp:featuredmedia":[{"embeddable":true,"href":"https:\/\/endemigoauction.com\/en\/wp-json\/wp\/v2\/media\/7483"}],"wp:attachment":[{"href":"https:\/\/endemigoauction.com\/en\/wp-json\/wp\/v2\/media?parent=7482"}],"wp:term":[{"taxonomy":"product_brand","embeddable":true,"href":"https:\/\/endemigoauction.com\/en\/wp-json\/wp\/v2\/product_brand?post=7482"},{"taxonomy":"product_cat","embeddable":true,"href":"https:\/\/endemigoauction.com\/en\/wp-json\/wp\/v2\/product_cat?post=7482"},{"taxonomy":"product_tag","embeddable":true,"href":"https:\/\/endemigoauction.com\/en\/wp-json\/wp\/v2\/product_tag?post=7482"}],"curies":[{"name":"wp","href":"https:\/\/api.w.org\/{rel}","templated":true}]}}