{"id":7479,"date":"2025-05-29T10:42:46","date_gmt":"2025-05-29T07:42:46","guid":{"rendered":"https:\/\/endemigoauction.com\/urun\/lot-124-antik-yagcibedir-bergama-halisi-120-yas-103-x-113-cm\/"},"modified":"2025-06-01T17:09:27","modified_gmt":"2025-06-01T14:09:27","slug":"lot-124-antik-yagcibedir-bergama-halisi-120-yas-103-x-113-cm","status":"publish","type":"product","link":"https:\/\/endemigoauction.com\/en\/urun\/lot-124-antik-yagcibedir-bergama-halisi-120-yas-103-x-113-cm\/","title":{"rendered":"LOT.124 Antik Ya\u011fc\u0131bedir Bergama Hal\u0131s\u0131 120+ Ya\u015f 103 x 113 cm"},"content":{"rendered":"<p><strong>Antik Ya\u011fc\u0131bedir Bergama Hal\u0131s\u0131 120+ Ya\u015f 103 x 113 cm<\/strong><\/p>\n<p>Antik Ya\u011fc\u0131bedir Bergama Hal\u0131s\u0131, Klasik bir Ya\u011fc\u0131bedir hal\u0131s\u0131 k\u00f6k boya renklerine sahip ancak, \u00f6l\u00e7\u00fcleri ve tasar\u0131m\u0131 ile \u00e7ok \u00e7ok nadir bir g\u00fczellik. Kare ebat mihrap, \u00c7eyizli\u011fi bitmi\u015f bir gelin dokumas\u0131, mihrap alt\u0131 sand\u0131kta dokudu\u011fu motifler anadolunun kadim geleneklerinden birini ya\u015fat\u0131yor. \u00c7eyizli\u011fine dokudu\u011fu el i\u015flerinde i\u015fledi\u011fi son \u00fcr\u00fcn\u00fcn motiflerini mihrap alt\u0131 sand\u0131\u011fa i\u015flemesinden anl\u0131yoruz. Ger\u00e7ek bir anadolunun sanat\u00e7\u0131 kad\u0131n\u0131n elinden \u00e7\u0131km\u0131\u015f bu eseri sergilemek bile \u00e7ok \u00f6zel. Dokuma kalitesi, renkleri ya\u015f\u0131na g\u00f6re kondisyonu m\u00fckemmel.<\/p>\n","protected":false},"excerpt":{"rendered":"<p><strong>Men\u015fei:<\/strong> T\u00fcrkiye \/ Bal\u0131kesir, Ya\u011fc\u0131bedir <strong>Kondisyon:<\/strong> M\u00fckemmel <strong>Dokuma Materyali ve Teknik:<\/strong> Y\u00fcne Y\u00fcn %100 Kirman ipi <strong>D\u00f6nem-Ya\u015f:<\/strong> 20. Y\u00fczy\u0131l Ba\u015f\u0131 120+ ya\u015f<\/p>\n","protected":false},"featured_media":7480,"comment_status":"closed","ping_status":"closed","template":"","meta":[],"product_brand":[],"product_cat":[336],"product_tag":[395,398,396,399,397,393,394],"class_list":{"0":"post-7479","1":"product","2":"type-product","3":"status-publish","4":"has-post-thumbnail","6":"product_cat-hali-ve-kilim","7":"product_tag-antika-hali","8":"product_tag-antika-hali-muzayedesi","9":"product_tag-antique-rug","10":"product_tag-antique-rug-online-auction","11":"product_tag-endemigo-auction","12":"product_tag-online-auction","13":"product_tag-online-muzayede","15":"first","16":"instock","17":"sold-individually","18":"product-type-auction"},"_links":{"self":[{"href":"https:\/\/endemigoauction.com\/en\/wp-json\/wp\/v2\/product\/7479","targetHints":{"allow":["GET"]}}],"collection":[{"href":"https:\/\/endemigoauction.com\/en\/wp-json\/wp\/v2\/product"}],"about":[{"href":"https:\/\/endemigoauction.com\/en\/wp-json\/wp\/v2\/types\/product"}],"replies":[{"embeddable":true,"href":"https:\/\/endemigoauction.com\/en\/wp-json\/wp\/v2\/comments?post=7479"}],"wp:featuredmedia":[{"embeddable":true,"href":"https:\/\/endemigoauction.com\/en\/wp-json\/wp\/v2\/media\/7480"}],"wp:attachment":[{"href":"https:\/\/endemigoauction.com\/en\/wp-json\/wp\/v2\/media?parent=7479"}],"wp:term":[{"taxonomy":"product_brand","embeddable":true,"href":"https:\/\/endemigoauction.com\/en\/wp-json\/wp\/v2\/product_brand?post=7479"},{"taxonomy":"product_cat","embeddable":true,"href":"https:\/\/endemigoauction.com\/en\/wp-json\/wp\/v2\/product_cat?post=7479"},{"taxonomy":"product_tag","embeddable":true,"href":"https:\/\/endemigoauction.com\/en\/wp-json\/wp\/v2\/product_tag?post=7479"}],"curies":[{"name":"wp","href":"https:\/\/api.w.org\/{rel}","templated":true}]}}