{"id":7476,"date":"2025-05-29T10:40:22","date_gmt":"2025-05-29T07:40:22","guid":{"rendered":"https:\/\/endemigoauction.com\/urun\/lot-125-antik-konya-cihanbeyli-kilimi-120-yas-185-x-355-cm\/"},"modified":"2025-06-01T17:21:31","modified_gmt":"2025-06-01T14:21:31","slug":"lot-125-antik-konya-cihanbeyli-kilimi-120-yas-185-x-355-cm","status":"publish","type":"product","link":"https:\/\/endemigoauction.com\/en\/urun\/lot-125-antik-konya-cihanbeyli-kilimi-120-yas-185-x-355-cm\/","title":{"rendered":"LOT.125 Antik Konya Cihanbeyli Kilimi 120+ Ya\u015f 185 x 355 cm"},"content":{"rendered":"<p><strong>Antik Konya Cihanbeyli Kilimi 120+ Ya\u015f 185 x 355 cm<\/strong><\/p>\n<p>Antik Konya Cihanbeyli Kilimi, Yo\u011funlukla Sivas, Konya, Malatya b\u00f6lgelerinde g\u00f6\u00e7er konar ya\u015fayan Cihanbeyli A\u015firetinin Konya daki merkezlerinden Cihanbeyli b\u00f6lgesinde dokunmu\u015f 120 ya\u015f\u0131nda \u00fcst d\u00fczey bir kilim. Renkleri, dokuma kalitesi ve kirman ipinin sa\u011flaml\u0131\u011f\u0131 ile \u00fcn salm\u0131\u015f, zaman\u0131nda Avrupan\u0131n bir\u00e7ok imparatorlu\u011funa ihra\u00e7 edilmi\u015f Anadolumuzun sanat ezgilerinden bir eser kar\u015f\u0131n\u0131zda. Ola\u011fan\u00fcst\u00fc kondisyonunu ya\u015f\u0131na ra\u011fmen korumu\u015f, bak\u0131mlar\u0131 yap\u0131lm\u0131\u015f, Duvar paneli, yer sergisi her alanda rahatl\u0131kla kullan\u0131labilir \u015fekilde m\u00fczayedemizde.<\/p>\n","protected":false},"excerpt":{"rendered":"<p><strong>Men\u015fei:<\/strong> T\u00fcrkiye \/ Konya &#8211; Cihanbeyli <strong>Kondisyon:<\/strong> Ola\u011fan\u00fcst\u00fc <strong>Dokuma Materyali ve Teknik:<\/strong> Y\u00fcne Y\u00fcn %100 Kirman ipi <strong>D\u00f6nem-Ya\u015f:<\/strong> 19. Y\u00fczy\u0131l Sonu 130+ ya\u015f<\/p>\n","protected":false},"featured_media":7477,"comment_status":"closed","ping_status":"closed","template":"","meta":[],"product_brand":[],"product_cat":[336],"product_tag":[395,398,396,399,397,393,394],"class_list":{"0":"post-7476","1":"product","2":"type-product","3":"status-publish","4":"has-post-thumbnail","6":"product_cat-hali-ve-kilim","7":"product_tag-antika-hali","8":"product_tag-antika-hali-muzayedesi","9":"product_tag-antique-rug","10":"product_tag-antique-rug-online-auction","11":"product_tag-endemigo-auction","12":"product_tag-online-auction","13":"product_tag-online-muzayede","15":"first","16":"instock","17":"sold-individually","18":"product-type-auction"},"_links":{"self":[{"href":"https:\/\/endemigoauction.com\/en\/wp-json\/wp\/v2\/product\/7476","targetHints":{"allow":["GET"]}}],"collection":[{"href":"https:\/\/endemigoauction.com\/en\/wp-json\/wp\/v2\/product"}],"about":[{"href":"https:\/\/endemigoauction.com\/en\/wp-json\/wp\/v2\/types\/product"}],"replies":[{"embeddable":true,"href":"https:\/\/endemigoauction.com\/en\/wp-json\/wp\/v2\/comments?post=7476"}],"wp:featuredmedia":[{"embeddable":true,"href":"https:\/\/endemigoauction.com\/en\/wp-json\/wp\/v2\/media\/7477"}],"wp:attachment":[{"href":"https:\/\/endemigoauction.com\/en\/wp-json\/wp\/v2\/media?parent=7476"}],"wp:term":[{"taxonomy":"product_brand","embeddable":true,"href":"https:\/\/endemigoauction.com\/en\/wp-json\/wp\/v2\/product_brand?post=7476"},{"taxonomy":"product_cat","embeddable":true,"href":"https:\/\/endemigoauction.com\/en\/wp-json\/wp\/v2\/product_cat?post=7476"},{"taxonomy":"product_tag","embeddable":true,"href":"https:\/\/endemigoauction.com\/en\/wp-json\/wp\/v2\/product_tag?post=7476"}],"curies":[{"name":"wp","href":"https:\/\/api.w.org\/{rel}","templated":true}]}}