{"id":7473,"date":"2025-05-29T10:40:22","date_gmt":"2025-05-29T07:40:22","guid":{"rendered":"https:\/\/endemigoauction.com\/urun\/lot-126-antik-mut-kilimi-19-yuzyil-sonu-160-x-320-cm\/"},"modified":"2025-06-01T17:31:23","modified_gmt":"2025-06-01T14:31:23","slug":"lot-126-antik-mut-kilimi-19-yuzyil-sonu-160-x-320-cm","status":"publish","type":"product","link":"https:\/\/endemigoauction.com\/en\/urun\/lot-126-antik-mut-kilimi-19-yuzyil-sonu-160-x-320-cm\/","title":{"rendered":"LOT.126 Antik Mut Kilimi 19. Y\u00fczy\u0131l Sonu 160 x 320 cm"},"content":{"rendered":"<p><strong>Antik Mut Kilimi 19. Y\u00fczy\u0131l Sonu 160 x 320 cm<\/strong><\/p>\n<p>Antik Mersin Mut Kilimi, Mersin&#8217;in Akdenize sahili olmayan, Karaman ve Konya ile kom\u015fu il\u00e7esinin k\u00f6ylerinde dokunan e\u015fsiz bir sanat eseri. Hem akdenizin hemde orta Anadolu&#8217;nun dokusunu ayn\u0131 anda i\u00e7inde bar\u0131nd\u0131ran g\u00f6rm\u00fc\u015f oldu\u011funuz bu antik Mut kilimi ya\u015f\u0131na g\u00f6re ola\u011fan\u00fcst\u00fc bir kondisyona ve renklere sahip.<\/p>\n","protected":false},"excerpt":{"rendered":"<p><strong>Men\u015fei:<\/strong> T\u00fcrkiye \/ Mersin-Mut <strong>Kondisyon:<\/strong> Ola\u011fan\u00fcst\u00fc <strong>Dokuma Materyali ve Teknik:<\/strong> Y\u00fcne Y\u00fcn %100 Kirman ipi <strong>D\u00f6nem-Ya\u015f:<\/strong> 19. Y\u00fczy\u0131l Sonu 130+ ya\u015f<\/p>\n","protected":false},"featured_media":7474,"comment_status":"closed","ping_status":"closed","template":"","meta":[],"product_brand":[],"product_cat":[336],"product_tag":[395,398,396,399,397,393,394],"class_list":{"0":"post-7473","1":"product","2":"type-product","3":"status-publish","4":"has-post-thumbnail","6":"product_cat-hali-ve-kilim","7":"product_tag-antika-hali","8":"product_tag-antika-hali-muzayedesi","9":"product_tag-antique-rug","10":"product_tag-antique-rug-online-auction","11":"product_tag-endemigo-auction","12":"product_tag-online-auction","13":"product_tag-online-muzayede","15":"first","16":"instock","17":"sold-individually","18":"product-type-auction"},"_links":{"self":[{"href":"https:\/\/endemigoauction.com\/en\/wp-json\/wp\/v2\/product\/7473","targetHints":{"allow":["GET"]}}],"collection":[{"href":"https:\/\/endemigoauction.com\/en\/wp-json\/wp\/v2\/product"}],"about":[{"href":"https:\/\/endemigoauction.com\/en\/wp-json\/wp\/v2\/types\/product"}],"replies":[{"embeddable":true,"href":"https:\/\/endemigoauction.com\/en\/wp-json\/wp\/v2\/comments?post=7473"}],"wp:featuredmedia":[{"embeddable":true,"href":"https:\/\/endemigoauction.com\/en\/wp-json\/wp\/v2\/media\/7474"}],"wp:attachment":[{"href":"https:\/\/endemigoauction.com\/en\/wp-json\/wp\/v2\/media?parent=7473"}],"wp:term":[{"taxonomy":"product_brand","embeddable":true,"href":"https:\/\/endemigoauction.com\/en\/wp-json\/wp\/v2\/product_brand?post=7473"},{"taxonomy":"product_cat","embeddable":true,"href":"https:\/\/endemigoauction.com\/en\/wp-json\/wp\/v2\/product_cat?post=7473"},{"taxonomy":"product_tag","embeddable":true,"href":"https:\/\/endemigoauction.com\/en\/wp-json\/wp\/v2\/product_tag?post=7473"}],"curies":[{"name":"wp","href":"https:\/\/api.w.org\/{rel}","templated":true}]}}