{"id":7470,"date":"2025-05-29T10:40:22","date_gmt":"2025-05-29T07:40:22","guid":{"rendered":"https:\/\/endemigoauction.com\/urun\/lot-127-antik-bergama-halisi-19-yuzyil-92-x-86-cm\/"},"modified":"2025-06-01T17:20:45","modified_gmt":"2025-06-01T14:20:45","slug":"lot-127-antik-bergama-halisi-19-yuzyil-92-x-86-cm","status":"publish","type":"product","link":"https:\/\/endemigoauction.com\/en\/urun\/lot-127-antik-bergama-halisi-19-yuzyil-92-x-86-cm\/","title":{"rendered":"LOT.127 Antik Bergama Hal\u0131s\u0131 19. Y\u00fczy\u0131l 92 x 86 cm"},"content":{"rendered":"<p><strong>Antik Bergama Hal\u0131s\u0131 19. Y\u00fczy\u0131l 92 x 86 cm<\/strong><\/p>\n<p>Antik Bergama Hal\u0131s\u0131, \u0130talyan ressamlar\u0131n tablolar\u0131n\u0131 s\u00fcsleyen bir \u015faheser. Boyutu ile sergileme alanlar\u0131 geni\u015f olan bu kolekiyonluk antika bergama hal\u0131s\u0131 ya\u015f\u0131na g\u00f6re olduk\u00e7a y\u00fcksek kondisyonu ve do\u011fal boya renkleri ile dikkat \u00e7ekiyor.<\/p>\n","protected":false},"excerpt":{"rendered":"<p><strong>Men\u015fei:<\/strong> T\u00fcrkiye \/ Bat\u0131 Anadolu <strong>Kondisyon:<\/strong> M\u00fckemmel <strong>Dokuma Materyali ve Teknik:<\/strong> Y\u00fcne Y\u00fcn %100 Kirman ipi <strong>D\u00f6nem-Ya\u015f:<\/strong> 19. Y\u00fczy\u0131l sonu 130+ ya\u015f<\/p>\n","protected":false},"featured_media":7471,"comment_status":"closed","ping_status":"closed","template":"","meta":[],"product_brand":[],"product_cat":[336],"product_tag":[395,398,396,399,397,393,394],"class_list":{"0":"post-7470","1":"product","2":"type-product","3":"status-publish","4":"has-post-thumbnail","6":"product_cat-hali-ve-kilim","7":"product_tag-antika-hali","8":"product_tag-antika-hali-muzayedesi","9":"product_tag-antique-rug","10":"product_tag-antique-rug-online-auction","11":"product_tag-endemigo-auction","12":"product_tag-online-auction","13":"product_tag-online-muzayede","15":"first","16":"instock","17":"sold-individually","18":"product-type-auction"},"_links":{"self":[{"href":"https:\/\/endemigoauction.com\/en\/wp-json\/wp\/v2\/product\/7470","targetHints":{"allow":["GET"]}}],"collection":[{"href":"https:\/\/endemigoauction.com\/en\/wp-json\/wp\/v2\/product"}],"about":[{"href":"https:\/\/endemigoauction.com\/en\/wp-json\/wp\/v2\/types\/product"}],"replies":[{"embeddable":true,"href":"https:\/\/endemigoauction.com\/en\/wp-json\/wp\/v2\/comments?post=7470"}],"wp:featuredmedia":[{"embeddable":true,"href":"https:\/\/endemigoauction.com\/en\/wp-json\/wp\/v2\/media\/7471"}],"wp:attachment":[{"href":"https:\/\/endemigoauction.com\/en\/wp-json\/wp\/v2\/media?parent=7470"}],"wp:term":[{"taxonomy":"product_brand","embeddable":true,"href":"https:\/\/endemigoauction.com\/en\/wp-json\/wp\/v2\/product_brand?post=7470"},{"taxonomy":"product_cat","embeddable":true,"href":"https:\/\/endemigoauction.com\/en\/wp-json\/wp\/v2\/product_cat?post=7470"},{"taxonomy":"product_tag","embeddable":true,"href":"https:\/\/endemigoauction.com\/en\/wp-json\/wp\/v2\/product_tag?post=7470"}],"curies":[{"name":"wp","href":"https:\/\/api.w.org\/{rel}","templated":true}]}}