{"id":7467,"date":"2025-05-29T10:40:22","date_gmt":"2025-05-29T07:40:22","guid":{"rendered":"https:\/\/endemigoauction.com\/urun\/lot-128-merkez-yahyali-ikili-yastik-40-yas\/"},"modified":"2025-06-01T17:20:18","modified_gmt":"2025-06-01T14:20:18","slug":"lot-128-merkez-yahyali-ikili-yastik-40-yas","status":"publish","type":"product","link":"https:\/\/endemigoauction.com\/en\/urun\/lot-128-merkez-yahyali-ikili-yastik-40-yas\/","title":{"rendered":"LOT.128 Merkez Yahyal\u0131 \u0130kili Yast\u0131k 40+ Ya\u015f"},"content":{"rendered":"<p><strong>Merkez Yahyal\u0131 2&#8217;li LOT 40+ Ya\u015f<\/strong><\/p>\n<p>Kayseri Yahyal\u0131 \u00c7ift Yast\u0131k, Yahyal\u0131 Merkez dokumas\u0131 olan bu yahyal\u0131 yast\u0131klar, saray g\u00f6bekli tasar\u0131mlar\u0131, k\u00f6k ve do\u011fal boyalar\u0131 ile g\u00f6z dolduruyor. Hi\u00e7 kullan\u0131lmam\u0131\u015f, eski us\u00fcllerle \u00fcretilen neslinin son \u00f6rnekleri. \u0130ki adet oldu\u011fu i\u00e7in kullan\u0131m alanlar\u0131 ve g\u00f6steri\u015fi al\u0131c\u0131s\u0131n\u0131 a\u00e7\u0131s\u0131ndan olduk\u00e7a f\u0131rsat sunuyor.<\/p>\n","protected":false},"excerpt":{"rendered":"<p><strong>Men\u015fei:<\/strong> T\u00fcrkiye \/ Kayseri &#8211; Yahyal\u0131 <strong>Kondisyon:<\/strong> Ola\u011fan\u00fcst\u00fc <strong>Dokuma Materyali ve Teknik:<\/strong> Y\u00fcne Y\u00fcn %100 Kirman ipi <strong>D\u00f6nem-Ya\u015f:<\/strong> 20. Y\u00fczy\u0131l sonu 40+ ya\u015f<\/p>\n","protected":false},"featured_media":7468,"comment_status":"closed","ping_status":"closed","template":"","meta":[],"product_brand":[],"product_cat":[336],"product_tag":[395,398,396,399,397,393,394],"class_list":{"0":"post-7467","1":"product","2":"type-product","3":"status-publish","4":"has-post-thumbnail","6":"product_cat-hali-ve-kilim","7":"product_tag-antika-hali","8":"product_tag-antika-hali-muzayedesi","9":"product_tag-antique-rug","10":"product_tag-antique-rug-online-auction","11":"product_tag-endemigo-auction","12":"product_tag-online-auction","13":"product_tag-online-muzayede","15":"first","16":"instock","17":"sold-individually","18":"product-type-auction"},"_links":{"self":[{"href":"https:\/\/endemigoauction.com\/en\/wp-json\/wp\/v2\/product\/7467","targetHints":{"allow":["GET"]}}],"collection":[{"href":"https:\/\/endemigoauction.com\/en\/wp-json\/wp\/v2\/product"}],"about":[{"href":"https:\/\/endemigoauction.com\/en\/wp-json\/wp\/v2\/types\/product"}],"replies":[{"embeddable":true,"href":"https:\/\/endemigoauction.com\/en\/wp-json\/wp\/v2\/comments?post=7467"}],"wp:featuredmedia":[{"embeddable":true,"href":"https:\/\/endemigoauction.com\/en\/wp-json\/wp\/v2\/media\/7468"}],"wp:attachment":[{"href":"https:\/\/endemigoauction.com\/en\/wp-json\/wp\/v2\/media?parent=7467"}],"wp:term":[{"taxonomy":"product_brand","embeddable":true,"href":"https:\/\/endemigoauction.com\/en\/wp-json\/wp\/v2\/product_brand?post=7467"},{"taxonomy":"product_cat","embeddable":true,"href":"https:\/\/endemigoauction.com\/en\/wp-json\/wp\/v2\/product_cat?post=7467"},{"taxonomy":"product_tag","embeddable":true,"href":"https:\/\/endemigoauction.com\/en\/wp-json\/wp\/v2\/product_tag?post=7467"}],"curies":[{"name":"wp","href":"https:\/\/api.w.org\/{rel}","templated":true}]}}