{"id":7464,"date":"2025-05-29T10:40:22","date_gmt":"2025-05-29T07:40:22","guid":{"rendered":"https:\/\/endemigoauction.com\/urun\/lot-129-antik-taspinar-civil-gobekli-hali-100-yas-158-x-221-cm\/"},"modified":"2025-06-01T17:28:44","modified_gmt":"2025-06-01T14:28:44","slug":"lot-129-antik-taspinar-civil-gobekli-hali-100-yas-158-x-221-cm","status":"publish","type":"product","link":"https:\/\/endemigoauction.com\/en\/urun\/lot-129-antik-taspinar-civil-gobekli-hali-100-yas-158-x-221-cm\/","title":{"rendered":"LOT.129 Antik Ta\u015fp\u0131nar C\u0131v\u0131l G\u00f6bekli Hal\u0131 100+ Ya\u015f 158 x 221 cm"},"content":{"rendered":"<p><strong>Antik Ta\u015fp\u0131nar C\u0131v\u0131l G\u00f6bekli Hal\u0131 100+ Ya\u015f 158 x 221 cm<\/strong><\/p>\n<p>Antik Ta\u015fp\u0131nar Hal\u0131s\u0131, Aksaray Ta\u015fp\u0131nar hal\u0131lar\u0131n\u0131n \u00f6zellikle kare ebata yak\u0131n dikt\u00f6rgenleri \u00e7ok nadir \u00e7\u0131kar. Bunun genelde sebebi k\u00f6ylerde evlerin i\u00e7ine kurulan tezgahlar\u0131n \u00f6l\u00e7\u00fctleri ve dokuma zorlu\u011fudur. Geni\u015fli\u011fi 1 metrenin \u00fczerinde 160 santime yak\u0131n genelde iki ki\u015fi taraf\u0131ndan geni\u015f ev odalar\u0131nda dokunur. Madolyon g\u00f6be\u011finde ki y\u00fcrekleri k\u0131p\u0131rdatan tasar\u0131ma anadoluda c\u0131v\u0131l g\u00f6bek tabirini kullan\u0131rlar. Yani c\u0131v\u0131l c\u0131v\u0131l mutluluk sa\u00e7an bir orta g\u00f6bek tasar\u0131m\u0131 oldu\u011funu bu \u015fekilde belirtirler. C\u0131v\u0131l g\u00f6bek bir Ta\u015fp\u0131nar hal\u0131s\u0131, co\u011frafi \u0130\u015faretli, antik bir sanat eseri.<\/p>\n<p>Hav oran\u0131nda haki renklerde, orta b\u00f6lgesindeki k\u0131rm\u0131z\u0131larda d\u00fc\u015fme olmu\u015f, bu da antik g\u00f6r\u00fcnt\u00fcs\u00fcne b\u00fcy\u00fck katk\u0131da bulunmu\u015f. Hal\u0131n\u0131n orta k\u0131sm\u0131nda 10 santimlik \u00e7ok profesyonel s\u00f6k\u00fcnt\u00fc iplerden yap\u0131lma bir tamiri mevcut. O sebeple normal olmas\u0131 gereken fiyat\u0131n \u00e7ok alt\u0131nda bir fiyatla m\u00fczayedeye sunulan bu hal\u0131 m\u00fczayede kreat\u00f6r\u00fcm\u00fcz taraf\u0131ndan \u00f6zellikle se\u00e7ildi. Tasar\u0131m\u0131, renkleri, eskimesi, antikli\u011fi takdire \u015fayan.<\/p>\n","protected":false},"excerpt":{"rendered":"<p><strong>Men\u015fei:<\/strong> T\u00fcrkiye \/ Aksaray <strong>Kondisyon:<\/strong> \u00c7ok \u0130yi <strong>Dokuma Materyali ve Teknik:<\/strong> Y\u00fcne Y\u00fcn %100 Kirman ipi <strong>D\u00f6nem-Ya\u015f:<\/strong> 20. Y\u00fczy\u0131l ba\u015f\u0131 100+ ya\u015f<\/p>\n","protected":false},"featured_media":7465,"comment_status":"closed","ping_status":"closed","template":"","meta":[],"product_brand":[],"product_cat":[336],"product_tag":[395,398,396,399,397,393,394],"class_list":{"0":"post-7464","1":"product","2":"type-product","3":"status-publish","4":"has-post-thumbnail","6":"product_cat-hali-ve-kilim","7":"product_tag-antika-hali","8":"product_tag-antika-hali-muzayedesi","9":"product_tag-antique-rug","10":"product_tag-antique-rug-online-auction","11":"product_tag-endemigo-auction","12":"product_tag-online-auction","13":"product_tag-online-muzayede","15":"first","16":"instock","17":"sold-individually","18":"product-type-auction"},"_links":{"self":[{"href":"https:\/\/endemigoauction.com\/en\/wp-json\/wp\/v2\/product\/7464","targetHints":{"allow":["GET"]}}],"collection":[{"href":"https:\/\/endemigoauction.com\/en\/wp-json\/wp\/v2\/product"}],"about":[{"href":"https:\/\/endemigoauction.com\/en\/wp-json\/wp\/v2\/types\/product"}],"replies":[{"embeddable":true,"href":"https:\/\/endemigoauction.com\/en\/wp-json\/wp\/v2\/comments?post=7464"}],"wp:featuredmedia":[{"embeddable":true,"href":"https:\/\/endemigoauction.com\/en\/wp-json\/wp\/v2\/media\/7465"}],"wp:attachment":[{"href":"https:\/\/endemigoauction.com\/en\/wp-json\/wp\/v2\/media?parent=7464"}],"wp:term":[{"taxonomy":"product_brand","embeddable":true,"href":"https:\/\/endemigoauction.com\/en\/wp-json\/wp\/v2\/product_brand?post=7464"},{"taxonomy":"product_cat","embeddable":true,"href":"https:\/\/endemigoauction.com\/en\/wp-json\/wp\/v2\/product_cat?post=7464"},{"taxonomy":"product_tag","embeddable":true,"href":"https:\/\/endemigoauction.com\/en\/wp-json\/wp\/v2\/product_tag?post=7464"}],"curies":[{"name":"wp","href":"https:\/\/api.w.org\/{rel}","templated":true}]}}