{"id":7461,"date":"2025-05-29T10:40:22","date_gmt":"2025-05-29T07:40:22","guid":{"rendered":"https:\/\/endemigoauction.com\/urun\/lot-130-antik-star-usak-halisi-17-yuzyil-sonu-235-x-342-cm\/"},"modified":"2025-06-01T17:29:54","modified_gmt":"2025-06-01T14:29:54","slug":"lot-130-antik-star-usak-halisi-17-yuzyil-sonu-235-x-342-cm","status":"publish","type":"product","link":"https:\/\/endemigoauction.com\/en\/urun\/lot-130-antik-star-usak-halisi-17-yuzyil-sonu-235-x-342-cm\/","title":{"rendered":"LOT.130 Antik Star U\u015fak Hal\u0131s\u0131 17. Y\u00fczy\u0131l Sonu 235 x 342 cm"},"content":{"rendered":"<p><strong>Antika Star U\u015fak Hal\u0131s\u0131 17. Y\u00fczy\u0131l Sonu 235 x 342 cm<\/strong><\/p>\n<p>17. Y\u00fczy\u0131l Star U\u015fak Hal\u0131s\u0131. \u00d6zellikle 17. ve 18. Y\u00fczy\u0131ldan g\u00fcn\u00fcm\u00fcze kadar d\u00fcnyan\u0131n en \u00e7ok ula\u015fmak istedi\u011fi hal\u0131lardan biridir. Bu tarz antika hal\u0131lar olduk\u00e7a nadir oldu\u011fu i\u00e7in, mimarlar, \u00fcst d\u00fczey koleksiyonerler ve m\u00fcze kurmak isteyenlerin b\u00fcy\u00fck ilgisini \u00e7eker. Bilindi\u011fi \u00fczere U\u015fak hal\u0131lar\u0131n\u0131n madalyon g\u00f6bekli ve star g\u00f6bekli olmak \u00fczere iki ana grubu en \u00e7ok aranan hal\u0131lardand\u0131r. Benim favorim Star U\u015fak Hal\u0131s\u0131 diyorsan\u0131z kar\u015f\u0131n\u0131zda muhte\u015fem bir antika. Tamamen profesyonel olarak beze dikilerek koruma alt\u0131na al\u0131nm\u0131\u015f, sergilenmeye ve kullanmaya haz\u0131r.<\/p>\n<p>Uluslararas\u0131 bir\u00e7ok m\u00fczayede de de\u011feri bi\u00e7ilemedi\u011fi i\u00e7in tahmini de\u011ferin minimumu belirtilir. Maksimumunu ise sizler belirleyeceksiniz. Bu \u00fcr\u00fcn\u00fcn T\u00fcrkiye D\u0131\u015f\u0131na sat\u0131\u015f\u0131 mevcut de\u011fildir. Antika \u00fcr\u00fcnlerle alakal\u0131 Yurtd\u0131\u015f\u0131 al\u0131mlar\u0131n\u0131zda muhakkak m\u00fc\u015fteri ili\u015fkilerine dan\u0131\u015f\u0131n\u0131z. Bu tarz eselerin T\u00fcrkiye D\u0131\u015f\u0131na \u00e7\u0131k\u0131\u015f\u0131 konusunda gerekli hukuksal dan\u0131\u015fmanl\u0131\u011f\u0131 alman\u0131z\u0131 \u00f6neririz. Endemigo olarak sadece T\u00fcrkiye i\u00e7i kay\u0131tl\u0131 sat\u0131\u015f\u0131 mevcuttur.<\/p>\n","protected":false},"excerpt":{"rendered":"<p><strong>Men\u015fei:<\/strong> T\u00fcrkiye \/ U\u015fak <strong>Kondisyon:<\/strong> Fragman, Beze Dikili <strong>Dokuma Materyali ve Teknik:<\/strong> Y\u00fcne Y\u00fcn %100 Kirman ipi <strong>D\u00f6nem-Ya\u015f:<\/strong> 17. Y\u00fczy\u0131l Sonu 325+ ya\u015f<\/p>\n","protected":false},"featured_media":7462,"comment_status":"closed","ping_status":"closed","template":"","meta":[],"product_brand":[],"product_cat":[336],"product_tag":[395,398,396,399,397,393,394],"class_list":{"0":"post-7461","1":"product","2":"type-product","3":"status-publish","4":"has-post-thumbnail","6":"product_cat-hali-ve-kilim","7":"product_tag-antika-hali","8":"product_tag-antika-hali-muzayedesi","9":"product_tag-antique-rug","10":"product_tag-antique-rug-online-auction","11":"product_tag-endemigo-auction","12":"product_tag-online-auction","13":"product_tag-online-muzayede","15":"first","16":"instock","17":"sold-individually","18":"product-type-auction"},"_links":{"self":[{"href":"https:\/\/endemigoauction.com\/en\/wp-json\/wp\/v2\/product\/7461","targetHints":{"allow":["GET"]}}],"collection":[{"href":"https:\/\/endemigoauction.com\/en\/wp-json\/wp\/v2\/product"}],"about":[{"href":"https:\/\/endemigoauction.com\/en\/wp-json\/wp\/v2\/types\/product"}],"replies":[{"embeddable":true,"href":"https:\/\/endemigoauction.com\/en\/wp-json\/wp\/v2\/comments?post=7461"}],"wp:featuredmedia":[{"embeddable":true,"href":"https:\/\/endemigoauction.com\/en\/wp-json\/wp\/v2\/media\/7462"}],"wp:attachment":[{"href":"https:\/\/endemigoauction.com\/en\/wp-json\/wp\/v2\/media?parent=7461"}],"wp:term":[{"taxonomy":"product_brand","embeddable":true,"href":"https:\/\/endemigoauction.com\/en\/wp-json\/wp\/v2\/product_brand?post=7461"},{"taxonomy":"product_cat","embeddable":true,"href":"https:\/\/endemigoauction.com\/en\/wp-json\/wp\/v2\/product_cat?post=7461"},{"taxonomy":"product_tag","embeddable":true,"href":"https:\/\/endemigoauction.com\/en\/wp-json\/wp\/v2\/product_tag?post=7461"}],"curies":[{"name":"wp","href":"https:\/\/api.w.org\/{rel}","templated":true}]}}