{"id":7458,"date":"2025-05-29T10:40:22","date_gmt":"2025-05-29T07:40:22","guid":{"rendered":"https:\/\/endemigoauction.com\/urun\/lot-131-kok-boya-reproduksiyon-konya-hali-40-yas-102-x-155-cm\/"},"modified":"2025-06-01T17:30:27","modified_gmt":"2025-06-01T14:30:27","slug":"lot-131-kok-boya-reproduksiyon-konya-hali-40-yas-102-x-155-cm","status":"publish","type":"product","link":"https:\/\/endemigoauction.com\/en\/urun\/lot-131-kok-boya-reproduksiyon-konya-hali-40-yas-102-x-155-cm\/","title":{"rendered":"LOT.131 K\u00f6k Boya Reprod\u00fcksiyon Konya Hal\u0131 40+ Ya\u015f 102 x 155 cm"},"content":{"rendered":"<p><strong>K\u00f6k Boya Reprod\u00fcksiyon Konya Hal\u0131s\u0131 40+ Ya\u015f 102 x 155 cm<\/strong><\/p>\n<p>Konya K\u00f6k Boya Reprod\u00fcksiyon Hal\u0131. 17. Y\u00fczy\u0131l Konya hal\u0131lar\u0131ndan esinlenerek \u00fcretilmi\u015f kirmana kirman ve do\u011fal ve k\u00f6k boya \u00e7ok \u00f6zel bir \u00fcr\u00fcn. Kullan\u0131lmadan saklanm\u0131\u015f. Yakla\u015f\u0131k 40 ya\u015flar\u0131nda. Konya Aksaray b\u00f6lgesinde \u00fcretilmi\u015f. Co\u011frafi i\u015faretli hal\u0131 niteli\u011fi ta\u015f\u0131yan t\u00fcm standartlar\u0131 \u00fcst kalitede yerine getirmi\u015f bir hal\u0131. Ald\u0131\u011f\u0131m \u00fcr\u00fcn antika g\u00f6r\u00fcn\u00fcml\u00fc olsun ama rahatl\u0131kla kullanay\u0131m diyorsan\u0131z kesinlikle ilgilenmeniz gereken bir eser.<\/p>\n","protected":false},"excerpt":{"rendered":"<p><strong>Men\u015fei:<\/strong> T\u00fcrkiye \/ Konya <strong>Kondisyon:<\/strong> Ola\u011fan\u00fcst\u00fc <strong>Dokuma Materyali ve Teknik<\/strong>: Y\u00fcne Y\u00fcn %100 Kirman ipi <strong>D\u00f6nem-Ya\u015f:<\/strong> 20. Y\u00fczy\u0131l sonu 40+ ya\u015f<\/p>\n","protected":false},"featured_media":7459,"comment_status":"closed","ping_status":"closed","template":"","meta":[],"product_brand":[],"product_cat":[336],"product_tag":[395,398,396,399,397,393,394],"class_list":{"0":"post-7458","1":"product","2":"type-product","3":"status-publish","4":"has-post-thumbnail","6":"product_cat-hali-ve-kilim","7":"product_tag-antika-hali","8":"product_tag-antika-hali-muzayedesi","9":"product_tag-antique-rug","10":"product_tag-antique-rug-online-auction","11":"product_tag-endemigo-auction","12":"product_tag-online-auction","13":"product_tag-online-muzayede","15":"first","16":"instock","17":"sold-individually","18":"product-type-auction"},"_links":{"self":[{"href":"https:\/\/endemigoauction.com\/en\/wp-json\/wp\/v2\/product\/7458","targetHints":{"allow":["GET"]}}],"collection":[{"href":"https:\/\/endemigoauction.com\/en\/wp-json\/wp\/v2\/product"}],"about":[{"href":"https:\/\/endemigoauction.com\/en\/wp-json\/wp\/v2\/types\/product"}],"replies":[{"embeddable":true,"href":"https:\/\/endemigoauction.com\/en\/wp-json\/wp\/v2\/comments?post=7458"}],"wp:featuredmedia":[{"embeddable":true,"href":"https:\/\/endemigoauction.com\/en\/wp-json\/wp\/v2\/media\/7459"}],"wp:attachment":[{"href":"https:\/\/endemigoauction.com\/en\/wp-json\/wp\/v2\/media?parent=7458"}],"wp:term":[{"taxonomy":"product_brand","embeddable":true,"href":"https:\/\/endemigoauction.com\/en\/wp-json\/wp\/v2\/product_brand?post=7458"},{"taxonomy":"product_cat","embeddable":true,"href":"https:\/\/endemigoauction.com\/en\/wp-json\/wp\/v2\/product_cat?post=7458"},{"taxonomy":"product_tag","embeddable":true,"href":"https:\/\/endemigoauction.com\/en\/wp-json\/wp\/v2\/product_tag?post=7458"}],"curies":[{"name":"wp","href":"https:\/\/api.w.org\/{rel}","templated":true}]}}