{"id":7455,"date":"2025-05-29T10:40:22","date_gmt":"2025-05-29T07:40:22","guid":{"rendered":"https:\/\/endemigoauction.com\/urun\/lot-132-yozgat-kilim-yastik-80-yas-56-x-102-cm\/"},"modified":"2025-06-01T17:30:56","modified_gmt":"2025-06-01T14:30:56","slug":"lot-132-yozgat-kilim-yastik-80-yas-56-x-102-cm","status":"publish","type":"product","link":"https:\/\/endemigoauction.com\/en\/urun\/lot-132-yozgat-kilim-yastik-80-yas-56-x-102-cm\/","title":{"rendered":"LOT.132 Yozgat Kilim Yast\u0131k 80+ Ya\u015f 56 x 102 cm"},"content":{"rendered":"<p><strong>Yozgat Kilim Yast\u0131k 80+ Ya\u015f 56 x 102 cm<\/strong><\/p>\n<p>Yozgat Kilim Yast\u0131k, tam bir koleksiyonluk. Orta bat\u0131 anadolunun en nadir \u00e7\u0131kan sanat eserlerinden biri. \u00d6zellikle nadirli\u011fi ile \u00fcnlenen bu \u00fcr\u00fcn, orta alanda metal cicim i\u015flemeleri ile daha e\u015fsizle\u015fiyor. Tam koleksiyonluk olarak kullan\u0131lmak i\u00e7in \u00fcretilmi\u015f antika olmaya y\u00fcz tutmu\u015f bir sand\u0131k eskisi. Hi\u00e7 kulan\u0131lmadan korunmu\u015f. Ya\u015f\u0131na ra\u011fmen ilk kullanan siz olabilirsiniz.<\/p>\n","protected":false},"excerpt":{"rendered":"<p><strong>Men\u015fei:<\/strong> T\u00fcrkiye \/ Yozgat <strong>Kondisyon:<\/strong> Ola\u011fan\u00fcst\u00fc <strong>Dokuma Materyali ve Teknik:<\/strong> Y\u00fcne Y\u00fcn %100 Kirman ipi, Metal Cicim \u0130\u015fleme <strong>D\u00f6nem-Ya\u015f:<\/strong> 20. Y\u00fczy\u0131l ortas\u0131 80+ ya\u015f<\/p>\n","protected":false},"featured_media":7456,"comment_status":"closed","ping_status":"closed","template":"","meta":[],"product_brand":[],"product_cat":[336],"product_tag":[395,398,396,399,397,393,394],"class_list":{"0":"post-7455","1":"product","2":"type-product","3":"status-publish","4":"has-post-thumbnail","6":"product_cat-hali-ve-kilim","7":"product_tag-antika-hali","8":"product_tag-antika-hali-muzayedesi","9":"product_tag-antique-rug","10":"product_tag-antique-rug-online-auction","11":"product_tag-endemigo-auction","12":"product_tag-online-auction","13":"product_tag-online-muzayede","15":"first","16":"instock","17":"sold-individually","18":"product-type-auction"},"_links":{"self":[{"href":"https:\/\/endemigoauction.com\/en\/wp-json\/wp\/v2\/product\/7455","targetHints":{"allow":["GET"]}}],"collection":[{"href":"https:\/\/endemigoauction.com\/en\/wp-json\/wp\/v2\/product"}],"about":[{"href":"https:\/\/endemigoauction.com\/en\/wp-json\/wp\/v2\/types\/product"}],"replies":[{"embeddable":true,"href":"https:\/\/endemigoauction.com\/en\/wp-json\/wp\/v2\/comments?post=7455"}],"wp:featuredmedia":[{"embeddable":true,"href":"https:\/\/endemigoauction.com\/en\/wp-json\/wp\/v2\/media\/7456"}],"wp:attachment":[{"href":"https:\/\/endemigoauction.com\/en\/wp-json\/wp\/v2\/media?parent=7455"}],"wp:term":[{"taxonomy":"product_brand","embeddable":true,"href":"https:\/\/endemigoauction.com\/en\/wp-json\/wp\/v2\/product_brand?post=7455"},{"taxonomy":"product_cat","embeddable":true,"href":"https:\/\/endemigoauction.com\/en\/wp-json\/wp\/v2\/product_cat?post=7455"},{"taxonomy":"product_tag","embeddable":true,"href":"https:\/\/endemigoauction.com\/en\/wp-json\/wp\/v2\/product_tag?post=7455"}],"curies":[{"name":"wp","href":"https:\/\/api.w.org\/{rel}","templated":true}]}}