{"id":7452,"date":"2025-05-29T10:40:22","date_gmt":"2025-05-29T07:40:22","guid":{"rendered":"https:\/\/endemigoauction.com\/urun\/lot-133-antik-afyon-dazkiri-yoruk-yastik-100-yas-49-x-110-cm\/"},"modified":"2025-06-01T17:22:52","modified_gmt":"2025-06-01T14:22:52","slug":"lot-133-antik-afyon-dazkiri-yoruk-yastik-100-yas-49-x-110-cm","status":"publish","type":"product","link":"https:\/\/endemigoauction.com\/en\/urun\/lot-133-antik-afyon-dazkiri-yoruk-yastik-100-yas-49-x-110-cm\/","title":{"rendered":"LOT.133 Antik Afyon Dazk\u0131r\u0131 Y\u00f6r\u00fck Yast\u0131k 100+ Ya\u015f 49 x 110 cm"},"content":{"rendered":"<p><strong>Antik Afyon Dazk\u0131r\u0131 Y\u00f6r\u00fck Yast\u0131k 100+ Ya\u015f 49 x 110 cm<\/strong><\/p>\n<p>Antik Afyon Dazk\u0131r\u0131 Y\u00f6r\u00fck Yast\u0131\u011f\u0131, renkleri ve tribal tasar\u0131m\u0131 ile otantik bir aksesuar. Evinize, d\u00fckkan\u0131za renk ve derinlik katacak bir eser. Tamamen el ipi, kondisyonu ola\u011fan\u00fcst\u00fc koleksiyonluk Co\u011frafi \u0130\u015faret korumas\u0131 alm\u0131\u015f bir el dokuma yast\u0131k kar\u015f\u0131n\u0131zda.<\/p>\n","protected":false},"excerpt":{"rendered":"<p><strong>Men\u015fei:<\/strong> T\u00fcrkiye \/ Afyon <strong>Kondisyon:<\/strong> Ola\u011fan\u00fcst\u00fc <strong>Dokuma Materyali ve Teknik:<\/strong> Y\u00fcne Y\u00fcn %100 Kirman ipi <strong>D\u00f6nem-Ya\u015f:<\/strong> 20. Y\u00fczy\u0131l Ba\u015f\u0131 100+ ya\u015f<\/p>\n","protected":false},"featured_media":7453,"comment_status":"closed","ping_status":"closed","template":"","meta":[],"product_brand":[],"product_cat":[336],"product_tag":[395,398,396,399,397,393,394],"class_list":{"0":"post-7452","1":"product","2":"type-product","3":"status-publish","4":"has-post-thumbnail","6":"product_cat-hali-ve-kilim","7":"product_tag-antika-hali","8":"product_tag-antika-hali-muzayedesi","9":"product_tag-antique-rug","10":"product_tag-antique-rug-online-auction","11":"product_tag-endemigo-auction","12":"product_tag-online-auction","13":"product_tag-online-muzayede","15":"first","16":"instock","17":"sold-individually","18":"product-type-auction"},"_links":{"self":[{"href":"https:\/\/endemigoauction.com\/en\/wp-json\/wp\/v2\/product\/7452","targetHints":{"allow":["GET"]}}],"collection":[{"href":"https:\/\/endemigoauction.com\/en\/wp-json\/wp\/v2\/product"}],"about":[{"href":"https:\/\/endemigoauction.com\/en\/wp-json\/wp\/v2\/types\/product"}],"replies":[{"embeddable":true,"href":"https:\/\/endemigoauction.com\/en\/wp-json\/wp\/v2\/comments?post=7452"}],"wp:featuredmedia":[{"embeddable":true,"href":"https:\/\/endemigoauction.com\/en\/wp-json\/wp\/v2\/media\/7453"}],"wp:attachment":[{"href":"https:\/\/endemigoauction.com\/en\/wp-json\/wp\/v2\/media?parent=7452"}],"wp:term":[{"taxonomy":"product_brand","embeddable":true,"href":"https:\/\/endemigoauction.com\/en\/wp-json\/wp\/v2\/product_brand?post=7452"},{"taxonomy":"product_cat","embeddable":true,"href":"https:\/\/endemigoauction.com\/en\/wp-json\/wp\/v2\/product_cat?post=7452"},{"taxonomy":"product_tag","embeddable":true,"href":"https:\/\/endemigoauction.com\/en\/wp-json\/wp\/v2\/product_tag?post=7452"}],"curies":[{"name":"wp","href":"https:\/\/api.w.org\/{rel}","templated":true}]}}