{"id":7449,"date":"2025-05-29T10:40:22","date_gmt":"2025-05-29T07:40:22","guid":{"rendered":"https:\/\/endemigoauction.com\/urun\/lot-134-siirt-battaniyesi-80-yas-130-x-186-cm\/"},"modified":"2025-06-01T17:23:37","modified_gmt":"2025-06-01T14:23:37","slug":"lot-134-siirt-battaniyesi-80-yas-130-x-186-cm","status":"publish","type":"product","link":"https:\/\/endemigoauction.com\/en\/urun\/lot-134-siirt-battaniyesi-80-yas-130-x-186-cm\/","title":{"rendered":"LOT.134 Siirt Battaniyesi 80+ Ya\u015f 130 x 186 cm"},"content":{"rendered":"<p><strong>Siirt Battaniyesi 80+ Ya\u015f 130 x 186 cm<\/strong><\/p>\n<p>Siirt Battaniye Kilimi, \u00dczerinize serece\u011finiz nitelikte bir kilim ayaklar\u0131n\u0131z\u0131n alt\u0131na serilebilebiliyor. Angora yani tiftik y\u00fcn\u00fcnden ve pamuktan imal edilmi\u015f bu kilim hem koleksiyonluk olma ya\u015f\u0131nda hem de sererek rahat\u00e7a kullanabilece\u011finiz nitelikte. Co\u011frafi \u0130\u015faret tesciliyle kalitesi tescillenmi\u015f ve koruma alt\u0131na al\u0131nm\u0131\u015f olan\u00a0 Siirt Battaniyesi Kilimi orijinal ve tam 80 ya\u015f\u0131nda olmas\u0131na ra\u011fmen ola\u011fan\u00fcst\u00fc kondisyonda.<\/p>\n","protected":false},"excerpt":{"rendered":"<p><strong>Men\u015fei:<\/strong> T\u00fcrkiye \/ Siirt <strong>Kondisyon:<\/strong> Ola\u011fan\u00fcst\u00fc <strong>Dokuma Materyali ve Teknik:<\/strong> Tiftik Y\u00fcn\u00fcne Pamuk <strong>D\u00f6nem-Ya\u015f:<\/strong> 20. Y\u00fczy\u0131l ortas\u0131 80+ ya\u015f<\/p>\n","protected":false},"featured_media":7450,"comment_status":"closed","ping_status":"closed","template":"","meta":[],"product_brand":[],"product_cat":[336],"product_tag":[395,398,396,399,397,393,394],"class_list":{"0":"post-7449","1":"product","2":"type-product","3":"status-publish","4":"has-post-thumbnail","6":"product_cat-hali-ve-kilim","7":"product_tag-antika-hali","8":"product_tag-antika-hali-muzayedesi","9":"product_tag-antique-rug","10":"product_tag-antique-rug-online-auction","11":"product_tag-endemigo-auction","12":"product_tag-online-auction","13":"product_tag-online-muzayede","15":"first","16":"instock","17":"sold-individually","18":"product-type-auction"},"_links":{"self":[{"href":"https:\/\/endemigoauction.com\/en\/wp-json\/wp\/v2\/product\/7449","targetHints":{"allow":["GET"]}}],"collection":[{"href":"https:\/\/endemigoauction.com\/en\/wp-json\/wp\/v2\/product"}],"about":[{"href":"https:\/\/endemigoauction.com\/en\/wp-json\/wp\/v2\/types\/product"}],"replies":[{"embeddable":true,"href":"https:\/\/endemigoauction.com\/en\/wp-json\/wp\/v2\/comments?post=7449"}],"wp:featuredmedia":[{"embeddable":true,"href":"https:\/\/endemigoauction.com\/en\/wp-json\/wp\/v2\/media\/7450"}],"wp:attachment":[{"href":"https:\/\/endemigoauction.com\/en\/wp-json\/wp\/v2\/media?parent=7449"}],"wp:term":[{"taxonomy":"product_brand","embeddable":true,"href":"https:\/\/endemigoauction.com\/en\/wp-json\/wp\/v2\/product_brand?post=7449"},{"taxonomy":"product_cat","embeddable":true,"href":"https:\/\/endemigoauction.com\/en\/wp-json\/wp\/v2\/product_cat?post=7449"},{"taxonomy":"product_tag","embeddable":true,"href":"https:\/\/endemigoauction.com\/en\/wp-json\/wp\/v2\/product_tag?post=7449"}],"curies":[{"name":"wp","href":"https:\/\/api.w.org\/{rel}","templated":true}]}}