{"id":7446,"date":"2025-05-29T10:40:22","date_gmt":"2025-05-29T07:40:22","guid":{"rendered":"https:\/\/endemigoauction.com\/urun\/lot-135-konya-cubuklu-cicim-kilim-80-yas-95-x-186-cm\/"},"modified":"2025-06-01T17:24:06","modified_gmt":"2025-06-01T14:24:06","slug":"lot-135-konya-cubuklu-cicim-kilim-80-yas-95-x-186-cm","status":"publish","type":"product","link":"https:\/\/endemigoauction.com\/en\/urun\/lot-135-konya-cubuklu-cicim-kilim-80-yas-95-x-186-cm\/","title":{"rendered":"LOT.135 Konya \u00c7ubuklu Cicim Kilim 80+ Ya\u015f 95 x 186 cm"},"content":{"rendered":"<p><strong>Konya \u00c7ubuklu Cicim Kilim 80+ Ya\u015f 95 x 186 cm<\/strong><\/p>\n<p>20. y\u00fczy\u0131l\u0131n ortalar\u0131ndan kalma Konya Cicim Kilim, geleneksel T\u00fcrk dokumac\u0131l\u0131\u011f\u0131n\u0131n g\u00fczel bir \u00f6rne\u011fidir. G\u00f6rdes d\u00fc\u011f\u00fcm\u00fc kullan\u0131larak %100 Kerman y\u00fcn\u00fcnden yap\u0131lm\u0131\u015f olup, 80 y\u0131l\u0131 a\u015fk\u0131n bir ge\u00e7mi\u015fe sahip olmas\u0131na ra\u011fmen ola\u011fan\u00fcst\u00fc durumunu korumaktad\u0131r.<\/p>\n","protected":false},"excerpt":{"rendered":"<p><strong>Men\u015fei:<\/strong> T\u00fcrkiye \/ Konya <strong>Kondisyon:<\/strong> Ola\u011fan\u00fcst\u00fc <strong>Dokuma Materyali ve Teknik:<\/strong>Y\u00fcne Y\u00fcn %100 Kirman ipi, G\u00f6rdes (T\u00fcrk) d\u00fc\u011f\u00fcm\u00fc <strong>D\u00f6nem-Ya\u015f:<\/strong> 20. Y\u00fczy\u0131l ortas\u0131 80+ ya\u015f<\/p>\n","protected":false},"featured_media":7447,"comment_status":"closed","ping_status":"closed","template":"","meta":[],"product_brand":[],"product_cat":[336],"product_tag":[395,398,396,399,397,393,394],"class_list":{"0":"post-7446","1":"product","2":"type-product","3":"status-publish","4":"has-post-thumbnail","6":"product_cat-hali-ve-kilim","7":"product_tag-antika-hali","8":"product_tag-antika-hali-muzayedesi","9":"product_tag-antique-rug","10":"product_tag-antique-rug-online-auction","11":"product_tag-endemigo-auction","12":"product_tag-online-auction","13":"product_tag-online-muzayede","15":"first","16":"instock","17":"sold-individually","18":"product-type-auction"},"_links":{"self":[{"href":"https:\/\/endemigoauction.com\/en\/wp-json\/wp\/v2\/product\/7446","targetHints":{"allow":["GET"]}}],"collection":[{"href":"https:\/\/endemigoauction.com\/en\/wp-json\/wp\/v2\/product"}],"about":[{"href":"https:\/\/endemigoauction.com\/en\/wp-json\/wp\/v2\/types\/product"}],"replies":[{"embeddable":true,"href":"https:\/\/endemigoauction.com\/en\/wp-json\/wp\/v2\/comments?post=7446"}],"wp:featuredmedia":[{"embeddable":true,"href":"https:\/\/endemigoauction.com\/en\/wp-json\/wp\/v2\/media\/7447"}],"wp:attachment":[{"href":"https:\/\/endemigoauction.com\/en\/wp-json\/wp\/v2\/media?parent=7446"}],"wp:term":[{"taxonomy":"product_brand","embeddable":true,"href":"https:\/\/endemigoauction.com\/en\/wp-json\/wp\/v2\/product_brand?post=7446"},{"taxonomy":"product_cat","embeddable":true,"href":"https:\/\/endemigoauction.com\/en\/wp-json\/wp\/v2\/product_cat?post=7446"},{"taxonomy":"product_tag","embeddable":true,"href":"https:\/\/endemigoauction.com\/en\/wp-json\/wp\/v2\/product_tag?post=7446"}],"curies":[{"name":"wp","href":"https:\/\/api.w.org\/{rel}","templated":true}]}}