{"id":7443,"date":"2025-05-29T10:40:22","date_gmt":"2025-05-29T07:40:22","guid":{"rendered":"https:\/\/endemigoauction.com\/urun\/lot-136-afyon-dazkiri-yastik-osman-can-ozel-uretim-60-x-87-cm\/"},"modified":"2025-06-01T17:19:21","modified_gmt":"2025-06-01T14:19:21","slug":"lot-136-afyon-dazkiri-yastik-osman-can-ozel-uretim-60-x-87-cm","status":"publish","type":"product","link":"https:\/\/endemigoauction.com\/en\/urun\/lot-136-afyon-dazkiri-yastik-osman-can-ozel-uretim-60-x-87-cm\/","title":{"rendered":"LOT.136 Afyon Dazk\u0131r\u0131 Yast\u0131k, Osman Can \u00d6zel \u00dcretim 60 x 87 cm"},"content":{"rendered":"<p><strong>Afyon Dazk\u0131r\u0131 Yast\u0131k, Osman Can \u00d6zel \u00dcretim 60 x 87 cm<\/strong><\/p>\n<p>K\u00f6k Boya Afyon Dazk\u0131r\u0131 Reprod\u00fcksiyon Hal\u0131. T\u00fcrkiye&#8217;de art\u0131k hal\u0131 \u00fcretimi olduk\u00e7a maliyetli ve zahmetli. Ancak bu sanata g\u00f6n\u00fcl vermi\u015f \u00e7ok \u00f6nemli hal\u0131 kilim \u00fcreticilerinden ve at\u00f6lye sahiplerinden Osman Can, hala d\u00fcnyaca me\u015fhur T\u00fcrk Hal\u0131s\u0131n\u0131 ge\u00e7mi\u015ften gelen ustal\u0131kla \u00fcretmeye devam ediyor.<\/p>\n<p>Bu \u00f6zel yast\u0131k yak\u0131n zamanda T\u00fcrkiye&#8217;de eski us\u00fcllerle \u00fcretilen, y\u00fcn\u00fcn en kaliteli k\u0131s\u0131mlar\u0131ndan \u00fcretilmi\u015f kirman iplerin geleneksel do\u011fal boyalarla boyanmas\u0131 ve en \u00fcst d\u00fczey dokumas\u0131yla do\u011fu\u015ftan koleksiyonluk sanat eseri olma \u00f6zelli\u011fi ta\u015f\u0131yor. E\u011fer yeni dokunmu\u015f bir hal\u0131y\u0131 ilk kez kullanan olmak ve kulland\u0131k\u00e7a antika de\u011feri olu\u015fmas\u0131n\u0131 istiyorsan\u0131z asla es ge\u00e7emeyece\u011finiz bir eser.<\/p>\n<p>\u015eu an bu tarz bir dokuma yapt\u0131rmak istedi\u011finizde metrekare \u00fccretleri 1000 dolardan ba\u015flayarak, 2500 dolarlara kadar sipari\u015fle \u00fcrettirilebiliyor. Yast\u0131k fiyatlar\u0131 ise minimumda tasar\u0131m ve i\u015f\u00e7ilik a\u00e7\u0131s\u0131ndan 500-2500 dolar aras\u0131nda \u00fcretim maliyetlerine sahip.<\/p>\n","protected":false},"excerpt":{"rendered":"<p><strong>Men\u015fei:<\/strong> T\u00fcrkiye \/ Sel\u00e7uk, Dazk\u0131r\u0131 <strong>Kondisyon:<\/strong> Ola\u011fan\u00fcst\u00fc <strong>Dokuma Materyali ve Teknik:<\/strong> Y\u00fcne Y\u00fcn %100 Kirman ipi <strong>D\u00f6nem-Ya\u015f:<\/strong> 21 y\u00fczy\u0131l ortas\u0131 10+ ya\u015f<\/p>\n","protected":false},"featured_media":7444,"comment_status":"closed","ping_status":"closed","template":"","meta":[],"product_brand":[],"product_cat":[336],"product_tag":[395,398,396,399,397,393,394],"class_list":{"0":"post-7443","1":"product","2":"type-product","3":"status-publish","4":"has-post-thumbnail","6":"product_cat-hali-ve-kilim","7":"product_tag-antika-hali","8":"product_tag-antika-hali-muzayedesi","9":"product_tag-antique-rug","10":"product_tag-antique-rug-online-auction","11":"product_tag-endemigo-auction","12":"product_tag-online-auction","13":"product_tag-online-muzayede","15":"first","16":"instock","17":"sold-individually","18":"product-type-auction"},"_links":{"self":[{"href":"https:\/\/endemigoauction.com\/en\/wp-json\/wp\/v2\/product\/7443","targetHints":{"allow":["GET"]}}],"collection":[{"href":"https:\/\/endemigoauction.com\/en\/wp-json\/wp\/v2\/product"}],"about":[{"href":"https:\/\/endemigoauction.com\/en\/wp-json\/wp\/v2\/types\/product"}],"replies":[{"embeddable":true,"href":"https:\/\/endemigoauction.com\/en\/wp-json\/wp\/v2\/comments?post=7443"}],"wp:featuredmedia":[{"embeddable":true,"href":"https:\/\/endemigoauction.com\/en\/wp-json\/wp\/v2\/media\/7444"}],"wp:attachment":[{"href":"https:\/\/endemigoauction.com\/en\/wp-json\/wp\/v2\/media?parent=7443"}],"wp:term":[{"taxonomy":"product_brand","embeddable":true,"href":"https:\/\/endemigoauction.com\/en\/wp-json\/wp\/v2\/product_brand?post=7443"},{"taxonomy":"product_cat","embeddable":true,"href":"https:\/\/endemigoauction.com\/en\/wp-json\/wp\/v2\/product_cat?post=7443"},{"taxonomy":"product_tag","embeddable":true,"href":"https:\/\/endemigoauction.com\/en\/wp-json\/wp\/v2\/product_tag?post=7443"}],"curies":[{"name":"wp","href":"https:\/\/api.w.org\/{rel}","templated":true}]}}