{"id":7434,"date":"2025-05-29T10:40:22","date_gmt":"2025-05-29T07:40:22","guid":{"rendered":"https:\/\/endemigoauction.com\/urun\/lot-139-dosemealti-halisi-80-yas-123-x-194-cm\/"},"modified":"2025-06-01T17:26:30","modified_gmt":"2025-06-01T14:26:30","slug":"lot-139-dosemealti-halisi-80-yas-123-x-194-cm","status":"publish","type":"product","link":"https:\/\/endemigoauction.com\/en\/urun\/lot-139-dosemealti-halisi-80-yas-123-x-194-cm\/","title":{"rendered":"LOT.139 D\u00f6\u015femealt\u0131 Hal\u0131s\u0131 80+ Ya\u015f 123 x 194 cm"},"content":{"rendered":"<p><strong>D\u00f6\u015femealt\u0131 Hal\u0131s\u0131 80+ Ya\u015f 123 x 194 cm<\/strong><\/p>\n<p>D\u00f6\u015femealt\u0131 nadir desenli bu hal\u0131m\u0131z tam bir f\u0131rsat hal\u0131s\u0131. Hem koleksiyonluk hemde kullan\u0131c\u0131l\u0131k. Renkleri sa\u011flam, kondisyonu ola\u011fan\u00fcst\u00fc.<\/p>\n","protected":false},"excerpt":{"rendered":"<p><strong>Men\u015fei:<\/strong> T\u00fcrkiye \/ Antalya <strong>Kondisyon:<\/strong> Ola\u011fan\u00fcst\u00fc <strong>Dokuma Materyali ve Teknik:<\/strong> Y\u00fcne Y\u00fcn %100 Kirman ipi, G\u00f6rdes d\u00fc\u011f\u00fcm\u00fc <strong>D\u00f6nem-Ya\u015f:<\/strong> 20. Y\u00fczy\u0131l ortas\u0131- 80+ ya\u015f<\/p>\n","protected":false},"featured_media":7435,"comment_status":"closed","ping_status":"closed","template":"","meta":[],"product_brand":[],"product_cat":[336],"product_tag":[395,398,396,399,397,393,394],"class_list":{"0":"post-7434","1":"product","2":"type-product","3":"status-publish","4":"has-post-thumbnail","6":"product_cat-hali-ve-kilim","7":"product_tag-antika-hali","8":"product_tag-antika-hali-muzayedesi","9":"product_tag-antique-rug","10":"product_tag-antique-rug-online-auction","11":"product_tag-endemigo-auction","12":"product_tag-online-auction","13":"product_tag-online-muzayede","15":"first","16":"instock","17":"sold-individually","18":"product-type-auction"},"_links":{"self":[{"href":"https:\/\/endemigoauction.com\/en\/wp-json\/wp\/v2\/product\/7434","targetHints":{"allow":["GET"]}}],"collection":[{"href":"https:\/\/endemigoauction.com\/en\/wp-json\/wp\/v2\/product"}],"about":[{"href":"https:\/\/endemigoauction.com\/en\/wp-json\/wp\/v2\/types\/product"}],"replies":[{"embeddable":true,"href":"https:\/\/endemigoauction.com\/en\/wp-json\/wp\/v2\/comments?post=7434"}],"wp:featuredmedia":[{"embeddable":true,"href":"https:\/\/endemigoauction.com\/en\/wp-json\/wp\/v2\/media\/7435"}],"wp:attachment":[{"href":"https:\/\/endemigoauction.com\/en\/wp-json\/wp\/v2\/media?parent=7434"}],"wp:term":[{"taxonomy":"product_brand","embeddable":true,"href":"https:\/\/endemigoauction.com\/en\/wp-json\/wp\/v2\/product_brand?post=7434"},{"taxonomy":"product_cat","embeddable":true,"href":"https:\/\/endemigoauction.com\/en\/wp-json\/wp\/v2\/product_cat?post=7434"},{"taxonomy":"product_tag","embeddable":true,"href":"https:\/\/endemigoauction.com\/en\/wp-json\/wp\/v2\/product_tag?post=7434"}],"curies":[{"name":"wp","href":"https:\/\/api.w.org\/{rel}","templated":true}]}}