{"id":7431,"date":"2025-05-29T10:40:22","date_gmt":"2025-05-29T07:40:22","guid":{"rendered":"https:\/\/endemigoauction.com\/urun\/lot-140-sakalli-kiz-bergama-halisi-90-yas-92-x-118-cmi\/"},"modified":"2025-06-01T17:26:04","modified_gmt":"2025-06-01T14:26:04","slug":"lot-140-sakalli-kiz-bergama-halisi-90-yas-92-x-118-cmi","status":"publish","type":"product","link":"https:\/\/endemigoauction.com\/en\/urun\/lot-140-sakalli-kiz-bergama-halisi-90-yas-92-x-118-cmi\/","title":{"rendered":"LOT.140 Sakall\u0131 K\u0131z Bergama Hal\u0131s\u0131 90+ Ya\u015f 92 x 118 cm\u0131"},"content":{"rendered":"<p><strong>Sakall\u0131 K\u0131z Bergama Hal\u0131s\u0131 90+ Ya\u015f 92 x118 cm<\/strong><\/p>\n<p>K\u0131z Bergama hal\u0131s\u0131n\u0131n hikayesini bilmeyen yoktur herhalde art\u0131k. Bu K\u0131z Bergama Hal\u0131m\u0131z ya\u015f\u0131na g\u00f6re en y\u00fcksek kondisyonda, ayr\u0131ca \u00e7ok nadir bulunan bir g\u00f6bek rengine sahip, Bergama Hal\u0131s\u0131 seven koleksiyonerlerin kesinlikle koleksiyonunda bulundurmas\u0131 gereken bir a\u015fk hikayesi. Renkleri ile g\u00fcne\u015fin a\u015f\u0131klar\u0131n \u00fczerine do\u011fdu\u011funu anlatan bu m\u00fcthi\u015f eserin filikleri ve orijinalli\u011fi hala korunuyor.<\/p>\n","protected":false},"excerpt":{"rendered":"<p><strong>Men\u015fei:<\/strong> T\u00fcrkiye \/ Dikili-Bergama <strong>Kondisyon:<\/strong> Ola\u011fan\u00fcst\u00fc <strong>Dokuma Materyali ve Teknik:<\/strong> Y\u00fcne Y\u00fcn %100 Kirman ipi, G\u00f6rdes d\u00fc\u011f\u00fcm\u00fc <strong>D\u00f6nem-Ya\u015f:<\/strong> 20. Y\u00fczy\u0131l ba\u015f\u0131- 90+ ya\u015f<\/p>\n","protected":false},"featured_media":7432,"comment_status":"closed","ping_status":"closed","template":"","meta":[],"product_brand":[],"product_cat":[336],"product_tag":[395,398,396,399,397,393,394],"class_list":{"0":"post-7431","1":"product","2":"type-product","3":"status-publish","4":"has-post-thumbnail","6":"product_cat-hali-ve-kilim","7":"product_tag-antika-hali","8":"product_tag-antika-hali-muzayedesi","9":"product_tag-antique-rug","10":"product_tag-antique-rug-online-auction","11":"product_tag-endemigo-auction","12":"product_tag-online-auction","13":"product_tag-online-muzayede","15":"first","16":"instock","17":"sold-individually","18":"product-type-auction"},"_links":{"self":[{"href":"https:\/\/endemigoauction.com\/en\/wp-json\/wp\/v2\/product\/7431","targetHints":{"allow":["GET"]}}],"collection":[{"href":"https:\/\/endemigoauction.com\/en\/wp-json\/wp\/v2\/product"}],"about":[{"href":"https:\/\/endemigoauction.com\/en\/wp-json\/wp\/v2\/types\/product"}],"replies":[{"embeddable":true,"href":"https:\/\/endemigoauction.com\/en\/wp-json\/wp\/v2\/comments?post=7431"}],"wp:featuredmedia":[{"embeddable":true,"href":"https:\/\/endemigoauction.com\/en\/wp-json\/wp\/v2\/media\/7432"}],"wp:attachment":[{"href":"https:\/\/endemigoauction.com\/en\/wp-json\/wp\/v2\/media?parent=7431"}],"wp:term":[{"taxonomy":"product_brand","embeddable":true,"href":"https:\/\/endemigoauction.com\/en\/wp-json\/wp\/v2\/product_brand?post=7431"},{"taxonomy":"product_cat","embeddable":true,"href":"https:\/\/endemigoauction.com\/en\/wp-json\/wp\/v2\/product_cat?post=7431"},{"taxonomy":"product_tag","embeddable":true,"href":"https:\/\/endemigoauction.com\/en\/wp-json\/wp\/v2\/product_tag?post=7431"}],"curies":[{"name":"wp","href":"https:\/\/api.w.org\/{rel}","templated":true}]}}