{"id":7428,"date":"2025-05-29T10:40:22","date_gmt":"2025-05-29T07:40:22","guid":{"rendered":"https:\/\/endemigoauction.com\/urun\/lot-141-antik-yuntdagi-bergama-halisi-100-yas-168-x-248-cm\/"},"modified":"2025-06-01T17:25:41","modified_gmt":"2025-06-01T14:25:41","slug":"lot-141-antik-yuntdagi-bergama-halisi-100-yas-168-x-248-cm","status":"publish","type":"product","link":"https:\/\/endemigoauction.com\/en\/urun\/lot-141-antik-yuntdagi-bergama-halisi-100-yas-168-x-248-cm\/","title":{"rendered":"LOT.141 Antik Yuntda\u011f\u0131 Bergama Hal\u0131s\u0131 100+ Ya\u015f 168 x 248 cm"},"content":{"rendered":"<p><strong>Antika Yuntda\u011f\u0131 Bergama Hal\u0131s\u0131 100+ Ya\u015f 168 x 248 cm<\/strong><\/p>\n<p>Antika Bergama Yuntda\u011f Hal\u0131s\u0131, Belirgin Yuntda\u011f b\u00f6lgesi desenelerini ve renklerini bar\u0131nd\u0131ran bu koleksiyonluk antika hal\u0131s\u0131 \u00e7ok kullan\u0131lmamas\u0131na ra\u011fmen baz\u0131 yerlerinde olu\u015fan k\u00fc\u00e7\u00fck problemlerinden dolay\u0131 ustal\u0131kla tamir edilmi\u015f. Desenlerinde bord\u00fcrlerinde iki yerde do\u011fru renkte hav at\u0131lmad\u0131\u011f\u0131ndan dolay\u0131 g\u00f6ze \u00e7arpmayacak \u015fekilde renk farkl\u0131la\u015fmas\u0131 mevcut.<\/p>\n<p>E\u011fer bu dokunu\u015flar olmasa idi fiyat\u0131 en az 100-150 bin TL gibi fiyatlardan m\u00fczayedeye a\u00e7\u0131lacak bir eser olurdu. \u015eu anki kondisyonu ve hav kalitesi ola\u011fan\u00fcst\u00fc d\u00fczeyde olmas\u0131na ra\u011fmen yap\u0131lan yanl\u0131\u015f m\u00fcdehalelerden dolay\u0131 kondisyonunu \u00e7ok iyi diye belirledik ve ba\u015flang\u0131\u00e7 fiyat\u0131n\u0131 da olduk\u00e7a d\u00fc\u015f\u00fckten belirledik. Ancak bu hal\u0131n\u0131n ger\u00e7ek de\u011feri \u00e7ok daha yukar\u0131da oldu\u011funu a\u00e7\u0131k\u00e7a s\u00f6ylemek isteriz. Sonu\u00e7ta 100 ya\u015f\u0131n \u00fczerinde bir antika.<\/p>\n","protected":false},"excerpt":{"rendered":"<p><strong>Men\u015fei:<\/strong> T\u00fcrkiye \/ Yuntda\u011f\u0131 <strong>Kondisyon:<\/strong> \u00c7ok \u0130yi <strong>Dokuma Materyali ve Teknik:<\/strong> Y\u00fcne Pamuk Kirman ipi, G\u00f6rdes d\u00fc\u011f\u00fcm\u00fc <strong>D\u00f6nem-Ya\u015f:<\/strong> 20. Y\u00fczy\u0131l ba\u015f\u0131 &#8211; 100+ ya\u015f<\/p>\n","protected":false},"featured_media":7429,"comment_status":"closed","ping_status":"closed","template":"","meta":[],"product_brand":[],"product_cat":[336],"product_tag":[395,398,396,399,397,393,394],"class_list":{"0":"post-7428","1":"product","2":"type-product","3":"status-publish","4":"has-post-thumbnail","6":"product_cat-hali-ve-kilim","7":"product_tag-antika-hali","8":"product_tag-antika-hali-muzayedesi","9":"product_tag-antique-rug","10":"product_tag-antique-rug-online-auction","11":"product_tag-endemigo-auction","12":"product_tag-online-auction","13":"product_tag-online-muzayede","15":"first","16":"instock","17":"sold-individually","18":"product-type-auction"},"_links":{"self":[{"href":"https:\/\/endemigoauction.com\/en\/wp-json\/wp\/v2\/product\/7428","targetHints":{"allow":["GET"]}}],"collection":[{"href":"https:\/\/endemigoauction.com\/en\/wp-json\/wp\/v2\/product"}],"about":[{"href":"https:\/\/endemigoauction.com\/en\/wp-json\/wp\/v2\/types\/product"}],"replies":[{"embeddable":true,"href":"https:\/\/endemigoauction.com\/en\/wp-json\/wp\/v2\/comments?post=7428"}],"wp:featuredmedia":[{"embeddable":true,"href":"https:\/\/endemigoauction.com\/en\/wp-json\/wp\/v2\/media\/7429"}],"wp:attachment":[{"href":"https:\/\/endemigoauction.com\/en\/wp-json\/wp\/v2\/media?parent=7428"}],"wp:term":[{"taxonomy":"product_brand","embeddable":true,"href":"https:\/\/endemigoauction.com\/en\/wp-json\/wp\/v2\/product_brand?post=7428"},{"taxonomy":"product_cat","embeddable":true,"href":"https:\/\/endemigoauction.com\/en\/wp-json\/wp\/v2\/product_cat?post=7428"},{"taxonomy":"product_tag","embeddable":true,"href":"https:\/\/endemigoauction.com\/en\/wp-json\/wp\/v2\/product_tag?post=7428"}],"curies":[{"name":"wp","href":"https:\/\/api.w.org\/{rel}","templated":true}]}}