{"id":7425,"date":"2025-05-29T10:40:22","date_gmt":"2025-05-29T07:40:22","guid":{"rendered":"https:\/\/endemigoauction.com\/urun\/lot-142-barak-dag-yorugu-kilimi-90-yas-160-x-230-cm\/"},"modified":"2025-06-01T17:24:35","modified_gmt":"2025-06-01T14:24:35","slug":"lot-142-barak-dag-yorugu-kilimi-90-yas-160-x-230-cm","status":"publish","type":"product","link":"https:\/\/endemigoauction.com\/en\/urun\/lot-142-barak-dag-yorugu-kilimi-90-yas-160-x-230-cm\/","title":{"rendered":"LOT.142 Barak Da\u011f Y\u00f6r\u00fc\u011f\u00fc Kilimi 90+ Ya\u015f 160 x 230 cm"},"content":{"rendered":"<p><strong>Barak Da\u011f Y\u00f6r\u00fc\u011f\u00fc Kilimi 90+ Ya\u015f 160 x 230 cm<\/strong><\/p>\n<p>Mersin Antalya hatt\u0131nda Toroslarda barak y\u00f6r\u00fckleri taraf\u0131ndan \u00fcretilen, \u00f6zel bir kilim. Sa\u00e7aklar\u0131n\u0131n 10 santimlik k\u0131sm\u0131nda da\u011f y\u00f6r\u00fc\u011f\u00fc oldu\u011funu belirten k\u0131l kullan\u0131lm\u0131\u015f. T\u00fcr\u00fcn\u00fcn tek \u00f6rne\u011fi, ya\u015f\u0131na ra\u011fmen kondisyonu ola\u011fan \u00fcst\u00fc. Dekorasyonlar\u0131n\u0131z\u0131 \u00fcst bir seviyeye \u00e7\u0131kar\u0131rken ayn\u0131 zamanda koleksiyonluk bir nitelik ta\u015f\u0131yan bu kilim kondisyonu ile g\u00f6z dolduruyor.<\/p>\n","protected":false},"excerpt":{"rendered":"<p><strong>Men\u015fei:<\/strong> T\u00fcrkiye \/ Antalya &#8211; Toroslar <strong>Kondisyon:<\/strong> Ola\u011fan\u00fcst\u00fc <strong>Dokuma Materyali ve Teknik:<\/strong> Y\u00fcne Y\u00fcn %100 Kirman ipi <strong>D\u00f6nem-Ya\u015f:<\/strong> 20. Y\u00fczy\u0131l ilk yar\u0131s\u0131 &#8211; 80+ ya\u015f<\/p>\n","protected":false},"featured_media":7426,"comment_status":"closed","ping_status":"closed","template":"","meta":[],"product_brand":[],"product_cat":[336],"product_tag":[395,398,396,399,397,393,394],"class_list":{"0":"post-7425","1":"product","2":"type-product","3":"status-publish","4":"has-post-thumbnail","6":"product_cat-hali-ve-kilim","7":"product_tag-antika-hali","8":"product_tag-antika-hali-muzayedesi","9":"product_tag-antique-rug","10":"product_tag-antique-rug-online-auction","11":"product_tag-endemigo-auction","12":"product_tag-online-auction","13":"product_tag-online-muzayede","15":"first","16":"instock","17":"sold-individually","18":"product-type-auction"},"_links":{"self":[{"href":"https:\/\/endemigoauction.com\/en\/wp-json\/wp\/v2\/product\/7425","targetHints":{"allow":["GET"]}}],"collection":[{"href":"https:\/\/endemigoauction.com\/en\/wp-json\/wp\/v2\/product"}],"about":[{"href":"https:\/\/endemigoauction.com\/en\/wp-json\/wp\/v2\/types\/product"}],"replies":[{"embeddable":true,"href":"https:\/\/endemigoauction.com\/en\/wp-json\/wp\/v2\/comments?post=7425"}],"wp:featuredmedia":[{"embeddable":true,"href":"https:\/\/endemigoauction.com\/en\/wp-json\/wp\/v2\/media\/7426"}],"wp:attachment":[{"href":"https:\/\/endemigoauction.com\/en\/wp-json\/wp\/v2\/media?parent=7425"}],"wp:term":[{"taxonomy":"product_brand","embeddable":true,"href":"https:\/\/endemigoauction.com\/en\/wp-json\/wp\/v2\/product_brand?post=7425"},{"taxonomy":"product_cat","embeddable":true,"href":"https:\/\/endemigoauction.com\/en\/wp-json\/wp\/v2\/product_cat?post=7425"},{"taxonomy":"product_tag","embeddable":true,"href":"https:\/\/endemigoauction.com\/en\/wp-json\/wp\/v2\/product_tag?post=7425"}],"curies":[{"name":"wp","href":"https:\/\/api.w.org\/{rel}","templated":true}]}}