{"id":7422,"date":"2025-05-29T10:40:22","date_gmt":"2025-05-29T07:40:22","guid":{"rendered":"https:\/\/endemigoauction.com\/urun\/lot-143-dosemealti-halisi-80-yas-120-x-180-cm\/"},"modified":"2025-06-01T17:25:07","modified_gmt":"2025-06-01T14:25:07","slug":"lot-143-dosemealti-halisi-80-yas-120-x-180-cm","status":"publish","type":"product","link":"https:\/\/endemigoauction.com\/en\/urun\/lot-143-dosemealti-halisi-80-yas-120-x-180-cm\/","title":{"rendered":"LOT.143 D\u00f6\u015femealt\u0131 Hal\u0131s\u0131 80+ Ya\u015f 120 x 180 cm"},"content":{"rendered":"<p><strong>D\u00f6\u015femealt\u0131 Hal\u0131s\u0131 80+ Ya\u015f 120 x 180 cm<\/strong><\/p>\n<p>D\u00f6\u015femealt\u0131 k\u00f6k boya, da\u011f y\u00f6r\u00fc\u011f\u00fc, kirmana kirman sand\u0131k yenisi \u015feklinde korunmu\u015f, entakt (El de\u011fmemi\u015f) tamir g\u00f6rmemi\u015f, Ola\u011fan \u00fcst\u00fc kondisyonda, koleksiyonluk olmaya y\u00fcz tutmu\u015f g\u00fczel bir hal\u0131. Tercih edilen tasar\u0131m. Kullan\u0131ma haz\u0131r.<\/p>\n","protected":false},"excerpt":{"rendered":"<p><strong>Men\u015fei:<\/strong> T\u00fcrkiye \/ Antalya <strong>Kondisyon:<\/strong> Ola\u011fan\u00fcst\u00fc <strong>Dokuma Materyali ve Teknik:<\/strong> Y\u00fcne Y\u00fcn %100 Kirman ipi, G\u00f6rdes d\u00fc\u011f\u00fcm\u00fc <strong>D\u00f6nem-Ya\u015f:<\/strong> 20. Y\u00fczy\u0131l ba\u015f\u0131, 80+ ya\u015f<\/p>\n","protected":false},"featured_media":7423,"comment_status":"closed","ping_status":"closed","template":"","meta":[],"product_brand":[],"product_cat":[336],"product_tag":[395,398,396,399,397,393,394],"class_list":{"0":"post-7422","1":"product","2":"type-product","3":"status-publish","4":"has-post-thumbnail","6":"product_cat-hali-ve-kilim","7":"product_tag-antika-hali","8":"product_tag-antika-hali-muzayedesi","9":"product_tag-antique-rug","10":"product_tag-antique-rug-online-auction","11":"product_tag-endemigo-auction","12":"product_tag-online-auction","13":"product_tag-online-muzayede","15":"first","16":"instock","17":"sold-individually","18":"product-type-auction"},"_links":{"self":[{"href":"https:\/\/endemigoauction.com\/en\/wp-json\/wp\/v2\/product\/7422","targetHints":{"allow":["GET"]}}],"collection":[{"href":"https:\/\/endemigoauction.com\/en\/wp-json\/wp\/v2\/product"}],"about":[{"href":"https:\/\/endemigoauction.com\/en\/wp-json\/wp\/v2\/types\/product"}],"replies":[{"embeddable":true,"href":"https:\/\/endemigoauction.com\/en\/wp-json\/wp\/v2\/comments?post=7422"}],"wp:featuredmedia":[{"embeddable":true,"href":"https:\/\/endemigoauction.com\/en\/wp-json\/wp\/v2\/media\/7423"}],"wp:attachment":[{"href":"https:\/\/endemigoauction.com\/en\/wp-json\/wp\/v2\/media?parent=7422"}],"wp:term":[{"taxonomy":"product_brand","embeddable":true,"href":"https:\/\/endemigoauction.com\/en\/wp-json\/wp\/v2\/product_brand?post=7422"},{"taxonomy":"product_cat","embeddable":true,"href":"https:\/\/endemigoauction.com\/en\/wp-json\/wp\/v2\/product_cat?post=7422"},{"taxonomy":"product_tag","embeddable":true,"href":"https:\/\/endemigoauction.com\/en\/wp-json\/wp\/v2\/product_tag?post=7422"}],"curies":[{"name":"wp","href":"https:\/\/api.w.org\/{rel}","templated":true}]}}