{"id":7416,"date":"2025-05-29T10:40:22","date_gmt":"2025-05-29T07:40:22","guid":{"rendered":"https:\/\/endemigoauction.com\/urun\/lot-144-antik-turkmen-kilim-perde-19-yuzyil-ortasi-114-x-200-cm\/"},"modified":"2025-06-01T17:22:18","modified_gmt":"2025-06-01T14:22:18","slug":"lot-144-antik-turkmen-kilim-perde-19-yuzyil-ortasi-114-x-200-cm","status":"publish","type":"product","link":"https:\/\/endemigoauction.com\/en\/urun\/lot-144-antik-turkmen-kilim-perde-19-yuzyil-ortasi-114-x-200-cm\/","title":{"rendered":"LOT.144 Antik T\u00fcrkmen Kilim Perde 19. Y\u00fczy\u0131l Ortas\u0131 114 x 200 cm"},"content":{"rendered":"<p><strong>Antik T\u00fcrkmen Kilim Perde 19. Y\u00fczy\u0131l Ortas\u0131 114 x 200 cm<\/strong><\/p>\n<p>Efsanevi bir miras\u0131n par\u00e7as\u0131 olan El Dokuma Antika T\u00fcrkmen Kilimi, T\u00fcrkmenistan&#8217;\u0131n k\u00f6kl\u00fc el sanatlar\u0131 gelene\u011finin bir yans\u0131mas\u0131d\u0131r. K\u00f6k boya ile boyanm\u0131\u015f %100 y\u00fcnden yap\u0131lm\u0131\u015ft\u0131r. 150 y\u0131ll\u0131k bir ge\u00e7mi\u015fi olan bu kilim, m\u00fckemmel bir kondisyonda \u00f6zenle korunmu\u015ftur. \u00dcretim s\u00fcreci yakla\u015f\u0131k 1.5 y\u0131l s\u00fcren bu kilim, T\u00fcrkmen el sanatlar\u0131n\u0131n zanaatkarlar\u0131n\u0131n ustal\u0131k eseri olarak kar\u015f\u0131m\u0131za \u00e7\u0131kar.<\/p>\n<p>Her bir deseniyle b\u00fcy\u00fcleyici bir hikaye anlat\u0131r. Her bir d\u00fc\u011f\u00fcm\u00fc ve deseniyle \u00f6zenle dokunan bu kilim, bir\u00e7ok nesli a\u015fan bir miras\u0131n par\u00e7as\u0131d\u0131r. Ya\u015fam alanlar\u0131n\u0131za tarih ve k\u00fclt\u00fcr\u00fcn b\u00fcy\u00fcleyici bir yans\u0131mas\u0131n\u0131 ta\u015f\u0131yan bu e\u015fsiz par\u00e7a evlerinize benzersiz bir nadirlik ve karakter kazand\u0131r\u0131r. Bu e\u015fsiz par\u00e7ayla, ge\u00e7mi\u015ften g\u00fcn\u00fcm\u00fcze uzanan bir hikayeye sahip olurken, geleneksel el sanatlar\u0131n\u0131n de\u011ferini ya\u015fatman\u0131n bir yolu olarak de\u011fer kazan\u0131r.<\/p>\n","protected":false},"excerpt":{"rendered":"<p><strong>Men\u015fei:<\/strong> T\u00fcrkmenistan &#8211; K\u00f6y \u00dcretimi <strong>Kondisyon:<\/strong> M\u00fckemmel <strong>Dokuma Materyali ve Teknik:<\/strong> Y\u00fcne Y\u00fcn %100 Kirman ipi <strong>D\u00f6nem-Ya\u015f:<\/strong> 20. Y\u00fczy\u0131l Ortas\u0131, 150+ Ya\u015f <strong>Boya Tekni\u011fi:<\/strong> K\u00f6k Boya<\/p>\n","protected":false},"featured_media":7417,"comment_status":"closed","ping_status":"closed","template":"","meta":[],"product_brand":[],"product_cat":[336],"product_tag":[395,398,396,399,397,393,394],"class_list":{"0":"post-7416","1":"product","2":"type-product","3":"status-publish","4":"has-post-thumbnail","6":"product_cat-hali-ve-kilim","7":"product_tag-antika-hali","8":"product_tag-antika-hali-muzayedesi","9":"product_tag-antique-rug","10":"product_tag-antique-rug-online-auction","11":"product_tag-endemigo-auction","12":"product_tag-online-auction","13":"product_tag-online-muzayede","15":"first","16":"instock","17":"sold-individually","18":"product-type-auction"},"_links":{"self":[{"href":"https:\/\/endemigoauction.com\/en\/wp-json\/wp\/v2\/product\/7416","targetHints":{"allow":["GET"]}}],"collection":[{"href":"https:\/\/endemigoauction.com\/en\/wp-json\/wp\/v2\/product"}],"about":[{"href":"https:\/\/endemigoauction.com\/en\/wp-json\/wp\/v2\/types\/product"}],"replies":[{"embeddable":true,"href":"https:\/\/endemigoauction.com\/en\/wp-json\/wp\/v2\/comments?post=7416"}],"wp:featuredmedia":[{"embeddable":true,"href":"https:\/\/endemigoauction.com\/en\/wp-json\/wp\/v2\/media\/7417"}],"wp:attachment":[{"href":"https:\/\/endemigoauction.com\/en\/wp-json\/wp\/v2\/media?parent=7416"}],"wp:term":[{"taxonomy":"product_brand","embeddable":true,"href":"https:\/\/endemigoauction.com\/en\/wp-json\/wp\/v2\/product_brand?post=7416"},{"taxonomy":"product_cat","embeddable":true,"href":"https:\/\/endemigoauction.com\/en\/wp-json\/wp\/v2\/product_cat?post=7416"},{"taxonomy":"product_tag","embeddable":true,"href":"https:\/\/endemigoauction.com\/en\/wp-json\/wp\/v2\/product_tag?post=7416"}],"curies":[{"name":"wp","href":"https:\/\/api.w.org\/{rel}","templated":true}]}}